{"id":13,"date":"2024-09-20T11:03:21","date_gmt":"2024-09-20T10:03:21","guid":{"rendered":"https:\/\/jeremyseguin.com\/?page_id=13"},"modified":"2024-11-19T11:57:10","modified_gmt":"2024-11-19T10:57:10","slug":"nuestra-historia","status":"publish","type":"page","link":"https:\/\/jeremyseguin.com\/index.php\/nuestra-historia\/","title":{"rendered":"Nuestra historia"},"content":{"rendered":"\t\t<div data-elementor-type=\"wp-page\" data-elementor-id=\"13\" class=\"elementor elementor-13\" data-elementor-post-type=\"page\">\n\t\t\t\t<div class=\"elementor-element elementor-element-924d1aa e-flex e-con-boxed e-con e-parent\" data-id=\"924d1aa\" data-element_type=\"container\">\n\t\t\t\t\t<div class=\"e-con-inner\">\n\t\t<div class=\"elementor-element elementor-element-5e1c8e6 e-con-full e-flex e-con e-child\" data-id=\"5e1c8e6\" data-element_type=\"container\" data-settings=\"{&quot;background_background&quot;:&quot;classic&quot;}\">\n\t\t<div class=\"elementor-element elementor-element-2f7cb91 e-con-full e-flex e-con e-child\" data-id=\"2f7cb91\" data-element_type=\"container\" data-settings=\"{&quot;background_background&quot;:&quot;classic&quot;}\">\n\t\t\t\t<div class=\"elementor-element elementor-element-ebcfad3 elementor-widget elementor-widget-heading\" data-id=\"ebcfad3\" data-element_type=\"widget\" data-widget_type=\"heading.default\">\n\t\t\t\t<div class=\"elementor-widget-container\">\n\t\t\t<h1 class=\"elementor-heading-title elementor-size-default\">Nuestra<br \/>historia<\/h1>\t\t<\/div>\n\t\t\t\t<\/div>\n\t\t\t\t<\/div>\n\t\t\t\t<\/div>\n\t\t\t\t\t<\/div>\n\t\t\t\t<\/div>\n\t\t<div class=\"elementor-element elementor-element-1581bbc3 e-flex e-con-boxed e-con e-parent\" data-id=\"1581bbc3\" data-element_type=\"container\" data-settings=\"{&quot;background_background&quot;:&quot;classic&quot;}\">\n\t\t\t\t\t<div class=\"e-con-inner\">\n\t\t<div class=\"elementor-element elementor-element-449ad42e e-con-full e-flex e-con e-child\" data-id=\"449ad42e\" data-element_type=\"container\" data-settings=\"{&quot;background_background&quot;:&quot;classic&quot;}\">\n\t\t<div class=\"elementor-element elementor-element-19856fb4 e-con-full e-flex e-con e-child\" data-id=\"19856fb4\" data-element_type=\"container\">\n\t\t<div class=\"elementor-element elementor-element-55fb8518 e-con-full elementor-hidden-mobile e-flex e-con e-child\" data-id=\"55fb8518\" data-element_type=\"container\" data-settings=\"{&quot;background_background&quot;:&quot;classic&quot;}\">\n\t\t\t\t<\/div>\n\t\t<div class=\"elementor-element elementor-element-6fc64957 e-con-full e-flex e-con e-child\" data-id=\"6fc64957\" data-element_type=\"container\">\n\t\t\t\t<div class=\"elementor-element elementor-element-7ab285a1 elementor-widget elementor-widget-text-editor\" data-id=\"7ab285a1\" data-element_type=\"widget\" data-widget_type=\"text-editor.default\">\n\t\t\t\t<div class=\"elementor-widget-container\">\n\t\t\t\t\t\t\t<p>Nos transportamos a la costa atl\u00e1ntica y m\u00e1s concretamente a <b>Port des Barques<\/b>, en la cuenca de <b>Marennes-Ol\u00e9ron<\/b>, precisamente a la entrada del estuario del <b>Charente<\/b>, frente a la isla de <b>Aix<\/b> y <b>Fort Boyard<\/b>.<\/p><p>Es entonces cuando, en 1975, <b>Claudie Seguin<\/b>, de t\u00e1n solo 16 a\u00f1os de edad, decide iniciar su aventura de cultivar y madurar ostras. Junto a su esposa <b>Caroline<\/b>, perfeccionan constantemente sus t\u00e9cnicas para ofrecer ostras de alta calidad, en un entorno natural protegido, caracterizado por una salinidad moderada y la rica aportaci\u00f3n nutritiva del r\u00edo Charente.<\/p>\t\t\t\t\t\t<\/div>\n\t\t\t\t<\/div>\n\t\t\t\t<\/div>\n\t\t\t\t<\/div>\n\t\t\t\t<\/div>\n\t\t\t\t\t<\/div>\n\t\t\t\t<\/div>\n\t\t<div class=\"elementor-element elementor-element-1682bd23 elementor-hidden-desktop elementor-hidden-tablet e-flex e-con-boxed e-con e-parent\" data-id=\"1682bd23\" data-element_type=\"container\" data-settings=\"{&quot;background_background&quot;:&quot;slideshow&quot;,&quot;background_slideshow_gallery&quot;:[{&quot;id&quot;:141,&quot;url&quot;:&quot;https:\\\/\\\/jeremyseguin.com\\\/wp-content\\\/uploads\\\/2024\\\/09\\\/nuestra-historia-barco-V.jpg&quot;},{&quot;id&quot;:153,&quot;url&quot;:&quot;https:\\\/\\\/jeremyseguin.com\\\/wp-content\\\/uploads\\\/2024\\\/09\\\/nuestra-historia-jeremy.jpg&quot;},{&quot;id&quot;:146,&quot;url&quot;:&quot;https:\\\/\\\/jeremyseguin.com\\\/wp-content\\\/uploads\\\/2024\\\/09\\\/nuestra-historia-pescant-H.jpg&quot;},{&quot;id&quot;:145,&quot;url&quot;:&quot;https:\\\/\\\/jeremyseguin.com\\\/wp-content\\\/uploads\\\/2024\\\/09\\\/nuestra-historia-mar-H.jpg&quot;}],&quot;background_slideshow_slide_duration&quot;:2000,&quot;background_slideshow_slide_transition&quot;:&quot;slide_left&quot;,&quot;background_slideshow_loop&quot;:&quot;yes&quot;,&quot;background_slideshow_transition_duration&quot;:500}\">\n\t\t\t\t\t<div class=\"e-con-inner\">\n\t\t\t\t\t<\/div>\n\t\t\t\t<\/div>\n\t\t<div class=\"elementor-element elementor-element-197598fe e-flex e-con-boxed e-con e-parent\" data-id=\"197598fe\" data-element_type=\"container\" data-settings=\"{&quot;background_background&quot;:&quot;classic&quot;}\">\n\t\t\t\t\t<div class=\"e-con-inner\">\n\t\t<div class=\"elementor-element elementor-element-2023d28c e-con-full e-flex e-con e-child\" data-id=\"2023d28c\" data-element_type=\"container\" data-settings=\"{&quot;background_background&quot;:&quot;classic&quot;}\">\n\t\t<div class=\"elementor-element elementor-element-5dd04b3a e-con-full e-flex e-con e-child\" data-id=\"5dd04b3a\" data-element_type=\"container\">\n\t\t<div class=\"elementor-element elementor-element-286f6733 e-con-full e-flex e-con e-child\" data-id=\"286f6733\" data-element_type=\"container\">\n\t\t\t\t<div class=\"elementor-element elementor-element-2c9824dc elementor-widget elementor-widget-text-editor\" data-id=\"2c9824dc\" data-element_type=\"widget\" data-widget_type=\"text-editor.default\">\n\t\t\t\t<div class=\"elementor-widget-container\">\n\t\t\t\t\t\t\t<p>A lo largo de casi <b>40 a\u00f1os<\/b>, no cesan en su empe\u00f1o de transmitir su pasi\u00f3n y respeto por este producto excepcional. En 2012, su hijo <b>J\u00e9r\u00e9my<\/b>, a la edad de 20 a\u00f1os, se une al negocio familiar, llevando adelante el legado con una combinaci\u00f3n de innovaci\u00f3n y tradici\u00f3n. Ha vivido, desde su m\u00e1s tierna infancia, inmerso en la actividad ostr\u00edcola de la familia.<\/p>\t\t\t\t\t\t<\/div>\n\t\t\t\t<\/div>\n\t\t\t\t<\/div>\n\t\t<div class=\"elementor-element elementor-element-54f33b1e e-con-full elementor-hidden-mobile e-flex e-con e-child\" data-id=\"54f33b1e\" data-element_type=\"container\" data-settings=\"{&quot;background_background&quot;:&quot;classic&quot;}\">\n\t\t\t\t<\/div>\n\t\t\t\t<\/div>\n\t\t\t\t<\/div>\n\t\t\t\t\t<\/div>\n\t\t\t\t<\/div>\n\t\t<div class=\"elementor-element elementor-element-3f832c6 e-flex e-con-boxed e-con e-parent\" data-id=\"3f832c6\" data-element_type=\"container\" data-settings=\"{&quot;background_background&quot;:&quot;classic&quot;}\">\n\t\t\t\t\t<div class=\"e-con-inner\">\n\t\t<div class=\"elementor-element elementor-element-7e44dbbf e-con-full e-flex e-con e-child\" data-id=\"7e44dbbf\" data-element_type=\"container\" data-settings=\"{&quot;background_background&quot;:&quot;classic&quot;}\">\n\t\t<div class=\"elementor-element elementor-element-7c054e9d e-con-full e-flex e-con e-child\" data-id=\"7c054e9d\" data-element_type=\"container\">\n\t\t<div class=\"elementor-element elementor-element-46c7081e e-con-full elementor-hidden-mobile e-flex e-con e-child\" data-id=\"46c7081e\" data-element_type=\"container\" data-settings=\"{&quot;background_background&quot;:&quot;classic&quot;}\">\n\t\t\t\t<\/div>\n\t\t<div class=\"elementor-element elementor-element-1dc64681 e-con-full e-flex e-con e-child\" data-id=\"1dc64681\" data-element_type=\"container\">\n\t\t\t\t<div class=\"elementor-element elementor-element-1e599ca6 elementor-widget elementor-widget-text-editor\" data-id=\"1e599ca6\" data-element_type=\"widget\" data-widget_type=\"text-editor.default\">\n\t\t\t\t<div class=\"elementor-widget-container\">\n\t\t\t\t\t\t\t<p>Hoy en d\u00eda, junto a un equipo comprometido, producen ostras de <b>primera calidad<\/b>, apreciadas por los mejores pescaderos y restaurantes de renombre de Francia.<\/p>\t\t\t\t\t\t<\/div>\n\t\t\t\t<\/div>\n\t\t\t\t<\/div>\n\t\t\t\t<\/div>\n\t\t\t\t<\/div>\n\t\t\t\t\t<\/div>\n\t\t\t\t<\/div>\n\t\t<div class=\"elementor-element elementor-element-6d8b2bbd e-flex e-con-boxed e-con e-parent\" data-id=\"6d8b2bbd\" data-element_type=\"container\" data-settings=\"{&quot;background_background&quot;:&quot;classic&quot;}\">\n\t\t\t\t\t<div class=\"e-con-inner\">\n\t\t<div class=\"elementor-element elementor-element-d94c938 e-con-full e-flex e-con e-child\" data-id=\"d94c938\" data-element_type=\"container\" data-settings=\"{&quot;background_background&quot;:&quot;classic&quot;}\">\n\t\t<div class=\"elementor-element elementor-element-6c877f29 e-con-full e-flex e-con e-child\" data-id=\"6c877f29\" data-element_type=\"container\">\n\t\t<div class=\"elementor-element elementor-element-63fff758 e-con-full e-flex e-con e-child\" data-id=\"63fff758\" data-element_type=\"container\">\n\t\t\t\t<div class=\"elementor-element elementor-element-6a2ed915 elementor-widget elementor-widget-text-editor\" data-id=\"6a2ed915\" data-element_type=\"widget\" data-widget_type=\"text-editor.default\">\n\t\t\t\t<div class=\"elementor-widget-container\">\n\t\t\t\t\t\t\t<p>Cada generaci\u00f3n tiene su propio sue\u00f1o y emprende sus propias aventuras. La de <b>J\u00e9r\u00e9my Seguin<\/b> consiste en llevar el legado de su familia por todo el mundo, exportando as\u00ed las Ostras Seguin a numerosos pa\u00edses.<\/p>\t\t\t\t\t\t<\/div>\n\t\t\t\t<\/div>\n\t\t\t\t<\/div>\n\t\t<div class=\"elementor-element elementor-element-3dc7edc5 e-con-full elementor-hidden-mobile e-flex e-con e-child\" data-id=\"3dc7edc5\" data-element_type=\"container\" data-settings=\"{&quot;background_background&quot;:&quot;classic&quot;}\">\n\t\t\t\t<\/div>\n\t\t\t\t<\/div>\n\t\t\t\t<\/div>\n\t\t\t\t\t<\/div>\n\t\t\t\t<\/div>\n\t\t<div class=\"elementor-element elementor-element-5f679bdb e-flex e-con-boxed e-con e-parent\" data-id=\"5f679bdb\" data-element_type=\"container\">\n\t\t\t\t\t<div class=\"e-con-inner\">\n\t\t<div class=\"elementor-element elementor-element-21506e88 e-con-full e-flex e-con e-child\" data-id=\"21506e88\" data-element_type=\"container\" data-settings=\"{&quot;background_background&quot;:&quot;classic&quot;}\">\n\t\t<div class=\"elementor-element elementor-element-7bee8b46 e-con-full e-flex e-con e-child\" data-id=\"7bee8b46\" data-element_type=\"container\">\n\t\t\t\t<div class=\"elementor-element elementor-element-235488d9 elementor-widget elementor-widget-heading\" data-id=\"235488d9\" data-element_type=\"widget\" data-widget_type=\"heading.default\">\n\t\t\t\t<div class=\"elementor-widget-container\">\n\t\t\t<h2 class=\"elementor-heading-title elementor-size-default\">\u00bfQuieres las mejores ostras?<\/h2>\t\t<\/div>\n\t\t\t\t<\/div>\n\t\t\t\t<div class=\"elementor-element elementor-element-7014ca04 elementor-align-center elementor-widget elementor-widget-button\" data-id=\"7014ca04\" data-element_type=\"widget\" data-widget_type=\"button.default\">\n\t\t\t\t<div class=\"elementor-widget-container\">\n\t\t\t\t\t\t\t<div class=\"elementor-button-wrapper\">\n\t\t\t\t\t<a class=\"elementor-button elementor-button-link elementor-size-sm\" href=\"https:\/\/jeremyseguin.com\/index.php\/contacto\/\">\n\t\t\t\t\t\t<span class=\"elementor-button-content-wrapper\">\n\t\t\t\t\t\t\t\t\t<span class=\"elementor-button-text\">Contacta con nosotros<\/span>\n\t\t\t\t\t<\/span>\n\t\t\t\t\t<\/a>\n\t\t\t\t<\/div>\n\t\t\t\t\t\t<\/div>\n\t\t\t\t<\/div>\n\t\t\t\t<\/div>\n\t\t\t\t<\/div>\n\t\t\t\t\t<\/div>\n\t\t\t\t<\/div>\n\t\t\t\t<\/div>\n\t\t","protected":false},"excerpt":{"rendered":"<p>Nuestrahistoria Nos transportamos a la costa atl\u00e1ntica y m\u00e1s concretamente a Port des Barques, en la cuenca de Marennes-Ol\u00e9ron, precisamente a la entrada del estuario del Charente, frente a la isla de Aix y Fort Boyard. Es entonces cuando, en 1975, Claudie Seguin, de t\u00e1n solo 16 a\u00f1os de edad, decide iniciar su aventura de [&hellip;]<\/p>\n","protected":false},"author":1,"featured_media":0,"parent":0,"menu_order":10,"comment_status":"closed","ping_status":"closed","template":"","meta":{"_acf_changed":false,"footnotes":""},"class_list":["post-13","page","type-page","status-publish","hentry"],"acf":[],"_links":{"self":[{"href":"https:\/\/jeremyseguin.com\/index.php\/wp-json\/wp\/v2\/pages\/13","targetHints":{"allow":["GET"]}}],"collection":[{"href":"https:\/\/jeremyseguin.com\/index.php\/wp-json\/wp\/v2\/pages"}],"about":[{"href":"https:\/\/jeremyseguin.com\/index.php\/wp-json\/wp\/v2\/types\/page"}],"author":[{"embeddable":true,"href":"https:\/\/jeremyseguin.com\/index.php\/wp-json\/wp\/v2\/users\/1"}],"replies":[{"embeddable":true,"href":"https:\/\/jeremyseguin.com\/index.php\/wp-json\/wp\/v2\/comments?post=13"}],"version-history":[{"count":70,"href":"https:\/\/jeremyseguin.com\/index.php\/wp-json\/wp\/v2\/pages\/13\/revisions"}],"predecessor-version":[{"id":741,"href":"https:\/\/jeremyseguin.com\/index.php\/wp-json\/wp\/v2\/pages\/13\/revisions\/741"}],"wp:attachment":[{"href":"https:\/\/jeremyseguin.com\/index.php\/wp-json\/wp\/v2\/media?parent=13"}],"curies":[{"name":"wp","href":"https:\/\/api.w.org\/{rel}","templated":true}]}}