{"id":15,"date":"2024-09-20T11:03:33","date_gmt":"2024-09-20T10:03:33","guid":{"rendered":"https:\/\/jeremyseguin.com\/?page_id=15"},"modified":"2024-11-19T11:58:48","modified_gmt":"2024-11-19T10:58:48","slug":"territorio","status":"publish","type":"page","link":"https:\/\/jeremyseguin.com\/index.php\/territorio\/","title":{"rendered":"Territorio"},"content":{"rendered":"\t\t<div data-elementor-type=\"wp-page\" data-elementor-id=\"15\" class=\"elementor elementor-15\" data-elementor-post-type=\"page\">\n\t\t\t\t<div class=\"elementor-element elementor-element-142e715f e-flex e-con-boxed e-con e-parent\" data-id=\"142e715f\" data-element_type=\"container\">\n\t\t\t\t\t<div class=\"e-con-inner\">\n\t\t<div class=\"elementor-element elementor-element-6326e0dd e-con-full e-flex e-con e-child\" data-id=\"6326e0dd\" data-element_type=\"container\" data-settings=\"{&quot;background_background&quot;:&quot;classic&quot;}\">\n\t\t<div class=\"elementor-element elementor-element-466e1f19 e-con-full e-flex e-con e-child\" data-id=\"466e1f19\" data-element_type=\"container\">\n\t\t\t\t<div class=\"elementor-element elementor-element-686cf15d elementor-widget elementor-widget-heading\" data-id=\"686cf15d\" data-element_type=\"widget\" data-widget_type=\"heading.default\">\n\t\t\t\t<div class=\"elementor-widget-container\">\n\t\t\t<h1 class=\"elementor-heading-title elementor-size-default\">La ostricultura<br \/>en las Marismas de Ol\u00e9ron<\/h1>\t\t<\/div>\n\t\t\t\t<\/div>\n\t\t\t\t<\/div>\n\t\t\t\t<\/div>\n\t\t\t\t\t<\/div>\n\t\t\t\t<\/div>\n\t\t<div class=\"elementor-element elementor-element-466e45c e-flex e-con-boxed e-con e-parent\" data-id=\"466e45c\" data-element_type=\"container\" data-settings=\"{&quot;background_background&quot;:&quot;classic&quot;}\">\n\t\t\t\t\t<div class=\"e-con-inner\">\n\t\t<div class=\"elementor-element elementor-element-efe91d6 e-con-full e-flex e-con e-child\" data-id=\"efe91d6\" data-element_type=\"container\" data-settings=\"{&quot;background_background&quot;:&quot;classic&quot;}\">\n\t\t<div class=\"elementor-element elementor-element-f12ab0b e-con-full e-flex e-con e-child\" data-id=\"f12ab0b\" data-element_type=\"container\">\n\t\t<div class=\"elementor-element elementor-element-12e3919 e-con-full elementor-hidden-mobile e-flex e-con e-child\" data-id=\"12e3919\" data-element_type=\"container\" data-settings=\"{&quot;background_background&quot;:&quot;classic&quot;}\">\n\t\t\t\t<\/div>\n\t\t<div class=\"elementor-element elementor-element-396d424 e-con-full e-flex e-con e-child\" data-id=\"396d424\" data-element_type=\"container\">\n\t\t\t\t<div class=\"elementor-element elementor-element-e6fd965 elementor-widget elementor-widget-text-editor\" data-id=\"e6fd965\" data-element_type=\"widget\" data-widget_type=\"text-editor.default\">\n\t\t\t\t<div class=\"elementor-widget-container\">\n\t\t\t\t\t\t\t<p>Las <b>Ostras J\u00e9r\u00e9my Seguin<\/b> provienen de la cuenca de <b>Marennes d\u2019Ol\u00e9ron<\/b> (frente a las costas de la regi\u00f3n de Charente-Maritime, en Francia), donde se practica una forma de cultivo de ostras \u00fanica en el mundo.<\/p><p>La zona geogr\u00e1fica de afinado, cultivo y preparaci\u00f3n de las ostras de Marennes Ol\u00e9ron se extiende por veintisiete municipios que abarcan <b>3000 hect\u00e1reas<\/b>, de gran riqueza biol\u00f3gica. Una Indicaci\u00f3n Geogr\u00e1fica Protegida (IGP) que define una enclave de mar salvaje con fuertes vientos y mareas. <b>Son las \u00fanicas ostras francesas que posee esta distinci\u00f3n de origen y calidad<\/b>.<\/p><p>Para dotar a las ostras de esta regi\u00f3n de la IGP Marennes \u2013 Ol\u00e9ron, se deben cumplir con tres requisitos, que las ostras Jeremy Seguin cumplen: estar <b>cultivadas<\/b> en la costa atl\u00e1ntica francesa, <b>madurar<\/b> en \u201cclaires\u201d de uno de los 27 municipios de la cuenca y <b>envasarse<\/b> en la zona Marennes Ol\u00e9ron.<\/p>\t\t\t\t\t\t<\/div>\n\t\t\t\t<\/div>\n\t\t\t\t<\/div>\n\t\t\t\t<\/div>\n\t\t\t\t<\/div>\n\t\t\t\t\t<\/div>\n\t\t\t\t<\/div>\n\t\t<div class=\"elementor-element elementor-element-2bfb8fa elementor-hidden-desktop elementor-hidden-tablet e-flex e-con-boxed e-con e-parent\" data-id=\"2bfb8fa\" data-element_type=\"container\" data-settings=\"{&quot;background_background&quot;:&quot;slideshow&quot;,&quot;background_slideshow_gallery&quot;:[{&quot;id&quot;:193,&quot;url&quot;:&quot;https:\\\/\\\/jeremyseguin.com\\\/wp-content\\\/uploads\\\/2024\\\/09\\\/territorio-2.jpg&quot;},{&quot;id&quot;:194,&quot;url&quot;:&quot;https:\\\/\\\/jeremyseguin.com\\\/wp-content\\\/uploads\\\/2024\\\/09\\\/territorio-3.jpg&quot;},{&quot;id&quot;:195,&quot;url&quot;:&quot;https:\\\/\\\/jeremyseguin.com\\\/wp-content\\\/uploads\\\/2024\\\/09\\\/territorio-4.jpg&quot;},{&quot;id&quot;:398,&quot;url&quot;:&quot;https:\\\/\\\/jeremyseguin.com\\\/wp-content\\\/uploads\\\/2024\\\/10\\\/\\u00a9Jeremie-Eloy_0018_HMO-HD.jpg&quot;},{&quot;id&quot;:399,&quot;url&quot;:&quot;https:\\\/\\\/jeremyseguin.com\\\/wp-content\\\/uploads\\\/2024\\\/10\\\/\\u00a9Jeremie-Eloy_0223_HMO-HD.jpg&quot;}],&quot;background_slideshow_slide_duration&quot;:2000,&quot;background_slideshow_slide_transition&quot;:&quot;slide_left&quot;,&quot;background_slideshow_loop&quot;:&quot;yes&quot;,&quot;background_slideshow_transition_duration&quot;:500}\">\n\t\t\t\t\t<div class=\"e-con-inner\">\n\t\t\t\t\t<\/div>\n\t\t\t\t<\/div>\n\t\t<div class=\"elementor-element elementor-element-fcf3b06 e-flex e-con-boxed e-con e-parent\" data-id=\"fcf3b06\" data-element_type=\"container\" data-settings=\"{&quot;background_background&quot;:&quot;classic&quot;}\">\n\t\t\t\t\t<div class=\"e-con-inner\">\n\t\t<div class=\"elementor-element elementor-element-26c868f e-con-full e-flex e-con e-child\" data-id=\"26c868f\" data-element_type=\"container\" data-settings=\"{&quot;background_background&quot;:&quot;classic&quot;}\">\n\t\t<div class=\"elementor-element elementor-element-c6ac7c3 e-con-full e-flex e-con e-child\" data-id=\"c6ac7c3\" data-element_type=\"container\">\n\t\t<div class=\"elementor-element elementor-element-c4ce6e4 e-con-full e-flex e-con e-child\" data-id=\"c4ce6e4\" data-element_type=\"container\">\n\t\t\t\t<div class=\"elementor-element elementor-element-caed419 elementor-widget elementor-widget-text-editor\" data-id=\"caed419\" data-element_type=\"widget\" data-widget_type=\"text-editor.default\">\n\t\t\t\t<div class=\"elementor-widget-container\">\n\t\t\t\t\t\t\t<p>Estas costas del oc\u00e9ano Atl\u00e1ntico se caracterizan por sus fuertes mareas y vientos. Esta climatolog\u00eda tan peculiar les confiere un <b>gusto fino y muy particular<\/b>.<\/p>\n<p>La retirada de las aguas que producen las mareas obliga a las ostras a aprender a vivir fuera del agua, engrosando para ello su concha. Estas variaciones les confieren una mayor supervivencia fuera del agua en el momento de la venta, pudiendo permanecer a temperatura controlada (de 5 a 15 \u00b0C) durante m\u00e1s de 10 d\u00edas antes de su consumo final.<\/p>\t\t\t\t\t\t<\/div>\n\t\t\t\t<\/div>\n\t\t\t\t<\/div>\n\t\t<div class=\"elementor-element elementor-element-3584267 e-con-full elementor-hidden-mobile e-flex e-con e-child\" data-id=\"3584267\" data-element_type=\"container\" data-settings=\"{&quot;background_background&quot;:&quot;classic&quot;}\">\n\t\t\t\t<\/div>\n\t\t\t\t<\/div>\n\t\t\t\t<\/div>\n\t\t\t\t\t<\/div>\n\t\t\t\t<\/div>\n\t\t<div class=\"elementor-element elementor-element-83af280 e-flex e-con-boxed e-con e-parent\" data-id=\"83af280\" data-element_type=\"container\" data-settings=\"{&quot;background_background&quot;:&quot;classic&quot;}\">\n\t\t\t\t\t<div class=\"e-con-inner\">\n\t\t<div class=\"elementor-element elementor-element-5cf1096 e-con-full e-flex e-con e-child\" data-id=\"5cf1096\" data-element_type=\"container\" data-settings=\"{&quot;background_background&quot;:&quot;classic&quot;}\">\n\t\t<div class=\"elementor-element elementor-element-0d3383a e-con-full e-flex e-con e-child\" data-id=\"0d3383a\" data-element_type=\"container\">\n\t\t<div class=\"elementor-element elementor-element-a25613e e-con-full elementor-hidden-mobile e-flex e-con e-child\" data-id=\"a25613e\" data-element_type=\"container\" data-settings=\"{&quot;background_background&quot;:&quot;classic&quot;}\">\n\t\t\t\t<\/div>\n\t\t<div class=\"elementor-element elementor-element-173d4f7 e-con-full e-flex e-con e-child\" data-id=\"173d4f7\" data-element_type=\"container\">\n\t\t\t\t<div class=\"elementor-element elementor-element-18071f5 elementor-widget elementor-widget-text-editor\" data-id=\"18071f5\" data-element_type=\"widget\" data-widget_type=\"text-editor.default\">\n\t\t\t\t<div class=\"elementor-widget-container\">\n\t\t\t\t\t\t\t<p>Una vez pasado el tiempo de su cultivo en el mar (de 3 a 5 a\u00f1os) son transportadas a las cuencas ostr\u00edcolas (\u201c<b>claires<\/b>\u201d). Un ecosistema \u00fanico, rico en minerales y nutrientes, para su afinado o maduraci\u00f3n final de varias semanas. Con ese procedimiento se consigue un tipo de <b>ostra singular<\/b>, dotada de un sabor suave y refinado. Es precisamente gracias a esta dieta, que las ostras consiguen regenerar r\u00e1pidamente sus tejidos celulares y absorber las caracter\u00edsticas \u00fanicas de este entorno. Un entorno marcado por sus antiguas marismas convertidas en marismas saladas (claires). De poca profundidad, se llenan con la subida de las mareas y retienen el agua de las mareas descendientes. Este m\u00e9todo franc\u00e9s, \u00fanico en el mundo, es conocido como \u00ab<b>Maduraci\u00f3n en Claires<\/b>\u201d. \u00c9stas aten\u00faan el intenso gusto a mar, por un gusto m\u00e1s refinado, sin perder la esencia marina.<\/p>\t\t\t\t\t\t<\/div>\n\t\t\t\t<\/div>\n\t\t\t\t<\/div>\n\t\t\t\t<\/div>\n\t\t\t\t<\/div>\n\t\t\t\t\t<\/div>\n\t\t\t\t<\/div>\n\t\t<div class=\"elementor-element elementor-element-91e3774 e-flex e-con-boxed e-con e-parent\" data-id=\"91e3774\" data-element_type=\"container\" data-settings=\"{&quot;background_background&quot;:&quot;classic&quot;}\">\n\t\t\t\t\t<div class=\"e-con-inner\">\n\t\t<div class=\"elementor-element elementor-element-9a677f1 e-con-full e-flex e-con e-child\" data-id=\"9a677f1\" data-element_type=\"container\" data-settings=\"{&quot;background_background&quot;:&quot;classic&quot;}\">\n\t\t<div class=\"elementor-element elementor-element-c7b7399 e-con-full e-flex e-con e-child\" data-id=\"c7b7399\" data-element_type=\"container\">\n\t\t<div class=\"elementor-element elementor-element-697e8c6 e-con-full e-flex e-con e-child\" data-id=\"697e8c6\" data-element_type=\"container\">\n\t\t\t\t<div class=\"elementor-element elementor-element-d62580f elementor-widget elementor-widget-text-editor\" data-id=\"d62580f\" data-element_type=\"widget\" data-widget_type=\"text-editor.default\">\n\t\t\t\t<div class=\"elementor-widget-container\">\n\t\t\t\t\t\t\t<p>Las ostras \u00ab<b>Fine de Claire<\/b>\u00bb y \u00ab<b>Sp\u00e9ciale de Claire<\/b>\u00bb se maduran seg\u00fan las estaciones. La joya de la regi\u00f3n se llama \u00ab<b>Fine de Claire Verte<\/b>\u00ab. Este raro y precioso ejemplar goza de una textura carnosa media de un verde agua-marina muy caracter\u00edstico que le confiere un alga denominada \u00ab<b>navicule bleue<\/b>\u00ab. Cuando las ostras filtran este alga se produce esta transferencia de color que las hace tan singulars.<\/p>\t\t\t\t\t\t<\/div>\n\t\t\t\t<\/div>\n\t\t\t\t<\/div>\n\t\t<div class=\"elementor-element elementor-element-0353a57 e-con-full elementor-hidden-mobile e-flex e-con e-child\" data-id=\"0353a57\" data-element_type=\"container\" data-settings=\"{&quot;background_background&quot;:&quot;classic&quot;}\">\n\t\t\t\t<\/div>\n\t\t\t\t<\/div>\n\t\t\t\t<\/div>\n\t\t\t\t\t<\/div>\n\t\t\t\t<\/div>\n\t\t<div class=\"elementor-element elementor-element-4d5c4cc e-flex e-con-boxed e-con e-parent\" data-id=\"4d5c4cc\" data-element_type=\"container\" data-settings=\"{&quot;background_background&quot;:&quot;classic&quot;}\">\n\t\t\t\t\t<div class=\"e-con-inner\">\n\t\t<div class=\"elementor-element elementor-element-0a1cc1b e-con-full e-flex e-con e-child\" data-id=\"0a1cc1b\" data-element_type=\"container\" data-settings=\"{&quot;background_background&quot;:&quot;classic&quot;}\">\n\t\t<div class=\"elementor-element elementor-element-6078da4 e-con-full e-flex e-con e-child\" data-id=\"6078da4\" data-element_type=\"container\">\n\t\t<div class=\"elementor-element elementor-element-9ad945e e-con-full elementor-hidden-mobile e-flex e-con e-child\" data-id=\"9ad945e\" data-element_type=\"container\" data-settings=\"{&quot;background_background&quot;:&quot;classic&quot;}\">\n\t\t\t\t<\/div>\n\t\t<div class=\"elementor-element elementor-element-33c1e39 e-con-full e-flex e-con e-child\" data-id=\"33c1e39\" data-element_type=\"container\">\n\t\t\t\t<div class=\"elementor-element elementor-element-b7dc983 elementor-widget elementor-widget-text-editor\" data-id=\"b7dc983\" data-element_type=\"widget\" data-widget_type=\"text-editor.default\">\n\t\t\t\t<div class=\"elementor-widget-container\">\n\t\t\t\t\t\t\t<p>Por \u00faltimo tenemos el diamante en bruto de nuestra selecci\u00f3n, \u201c<b>la Pousse en Claire<\/b>\u201d, cultivada durante 6 meses en las \u201cclaires\u201d a una densidad entre 2 y 5 ostras por metro cuadrado. Esta baja densidad le permite desarrollar una carnosidad abundante y crujiente que le ha valido la obtenci\u00f3n de la Rouge Label, la certificaci\u00f3n de m\u00e1xima calidad. Un producto estacional y singular, de gusto inimitable. Al ser tan carnosa permite poca retenci\u00f3n de agua dentro de la concha lo que proporciona un resultado en gusto mucho m\u00e1s dulce de lo que nos puede resultar una \u201cFine de Claire\u201d.<\/p>\t\t\t\t\t\t<\/div>\n\t\t\t\t<\/div>\n\t\t\t\t<\/div>\n\t\t\t\t<\/div>\n\t\t\t\t<\/div>\n\t\t\t\t\t<\/div>\n\t\t\t\t<\/div>\n\t\t<div class=\"elementor-element elementor-element-1e4b885 e-flex e-con-boxed e-con e-parent\" data-id=\"1e4b885\" data-element_type=\"container\">\n\t\t\t\t\t<div class=\"e-con-inner\">\n\t\t<div class=\"elementor-element elementor-element-9055023 e-con-full e-flex e-con e-child\" data-id=\"9055023\" data-element_type=\"container\">\n\t\t\t\t<div class=\"elementor-element elementor-element-190e5fb elementor-widget elementor-widget-video\" data-id=\"190e5fb\" data-element_type=\"widget\" data-settings=\"{&quot;youtube_url&quot;:&quot;https:\\\/\\\/www.youtube.com\\\/watch?v=M-6cqGbumu4&amp;t=56s&quot;,&quot;video_type&quot;:&quot;youtube&quot;,&quot;controls&quot;:&quot;yes&quot;}\" data-widget_type=\"video.default\">\n\t\t\t\t<div class=\"elementor-widget-container\">\n\t\t\t\t\t<div class=\"elementor-wrapper elementor-open-inline\">\n\t\t\t<div class=\"elementor-video\"><\/div>\t\t<\/div>\n\t\t\t\t<\/div>\n\t\t\t\t<\/div>\n\t\t\t\t<\/div>\n\t\t\t\t\t<\/div>\n\t\t\t\t<\/div>\n\t\t<div class=\"elementor-element elementor-element-10b1bc06 e-flex e-con-boxed e-con e-parent\" data-id=\"10b1bc06\" data-element_type=\"container\">\n\t\t\t\t\t<div class=\"e-con-inner\">\n\t\t<div class=\"elementor-element elementor-element-6a2f8a94 e-con-full e-flex e-con e-child\" data-id=\"6a2f8a94\" data-element_type=\"container\" data-settings=\"{&quot;background_background&quot;:&quot;classic&quot;}\">\n\t\t<div class=\"elementor-element elementor-element-599eec82 e-con-full e-flex e-con e-child\" data-id=\"599eec82\" data-element_type=\"container\">\n\t\t\t\t<div class=\"elementor-element elementor-element-7374bde3 elementor-widget elementor-widget-heading\" data-id=\"7374bde3\" data-element_type=\"widget\" data-widget_type=\"heading.default\">\n\t\t\t\t<div class=\"elementor-widget-container\">\n\t\t\t<h2 class=\"elementor-heading-title elementor-size-default\">\u00bfQuieres las mejores ostras?<\/h2>\t\t<\/div>\n\t\t\t\t<\/div>\n\t\t\t\t<div class=\"elementor-element elementor-element-2e19580d elementor-align-center elementor-widget elementor-widget-button\" data-id=\"2e19580d\" data-element_type=\"widget\" data-widget_type=\"button.default\">\n\t\t\t\t<div class=\"elementor-widget-container\">\n\t\t\t\t\t\t\t<div class=\"elementor-button-wrapper\">\n\t\t\t\t\t<a class=\"elementor-button elementor-button-link elementor-size-sm\" href=\"https:\/\/jeremyseguin.com\/index.php\/contacto\/\">\n\t\t\t\t\t\t<span class=\"elementor-button-content-wrapper\">\n\t\t\t\t\t\t\t\t\t<span class=\"elementor-button-text\">Contacta con nosotros<\/span>\n\t\t\t\t\t<\/span>\n\t\t\t\t\t<\/a>\n\t\t\t\t<\/div>\n\t\t\t\t\t\t<\/div>\n\t\t\t\t<\/div>\n\t\t\t\t<\/div>\n\t\t\t\t<\/div>\n\t\t\t\t\t<\/div>\n\t\t\t\t<\/div>\n\t\t\t\t<\/div>\n\t\t","protected":false},"excerpt":{"rendered":"<p>La ostriculturaen las Marismas de Ol\u00e9ron Las Ostras J\u00e9r\u00e9my Seguin provienen de la cuenca de Marennes d\u2019Ol\u00e9ron (frente a las costas de la regi\u00f3n de Charente-Maritime, en Francia), donde se practica una forma de cultivo de ostras \u00fanica en el mundo. La zona geogr\u00e1fica de afinado, cultivo y preparaci\u00f3n de las ostras de Marennes Ol\u00e9ron [&hellip;]<\/p>\n","protected":false},"author":1,"featured_media":0,"parent":0,"menu_order":20,"comment_status":"closed","ping_status":"closed","template":"","meta":{"_acf_changed":false,"footnotes":""},"class_list":["post-15","page","type-page","status-publish","hentry"],"acf":[],"_links":{"self":[{"href":"https:\/\/jeremyseguin.com\/index.php\/wp-json\/wp\/v2\/pages\/15","targetHints":{"allow":["GET"]}}],"collection":[{"href":"https:\/\/jeremyseguin.com\/index.php\/wp-json\/wp\/v2\/pages"}],"about":[{"href":"https:\/\/jeremyseguin.com\/index.php\/wp-json\/wp\/v2\/types\/page"}],"author":[{"embeddable":true,"href":"https:\/\/jeremyseguin.com\/index.php\/wp-json\/wp\/v2\/users\/1"}],"replies":[{"embeddable":true,"href":"https:\/\/jeremyseguin.com\/index.php\/wp-json\/wp\/v2\/comments?post=15"}],"version-history":[{"count":73,"href":"https:\/\/jeremyseguin.com\/index.php\/wp-json\/wp\/v2\/pages\/15\/revisions"}],"predecessor-version":[{"id":753,"href":"https:\/\/jeremyseguin.com\/index.php\/wp-json\/wp\/v2\/pages\/15\/revisions\/753"}],"wp:attachment":[{"href":"https:\/\/jeremyseguin.com\/index.php\/wp-json\/wp\/v2\/media?parent=15"}],"curies":[{"name":"wp","href":"https:\/\/api.w.org\/{rel}","templated":true}]}}