{"id":514,"date":"2024-10-29T13:13:12","date_gmt":"2024-10-29T12:13:12","guid":{"rendered":"https:\/\/jeremyseguin.com\/?page_id=514"},"modified":"2024-10-29T13:14:04","modified_gmt":"2024-10-29T12:14:04","slug":"avviso-legale","status":"publish","type":"page","link":"https:\/\/jeremyseguin.com\/index.php\/it\/avviso-legale\/","title":{"rendered":"Avviso legale"},"content":{"rendered":"\t\t<div data-elementor-type=\"wp-page\" data-elementor-id=\"514\" class=\"elementor elementor-514\" data-elementor-post-type=\"page\">\n\t\t\t\t<div class=\"elementor-element elementor-element-40cf75e e-flex e-con-boxed e-con e-parent\" data-id=\"40cf75e\" data-element_type=\"container\">\n\t\t\t\t\t<div class=\"e-con-inner\">\n\t\t<div class=\"elementor-element elementor-element-8c4f750 e-con-full e-flex e-con e-child\" data-id=\"8c4f750\" data-element_type=\"container\" data-settings=\"{&quot;background_background&quot;:&quot;classic&quot;}\">\n\t\t\t\t<div class=\"elementor-element elementor-element-dd90613 elementor-widget elementor-widget-text-editor\" data-id=\"dd90613\" data-element_type=\"widget\" data-widget_type=\"text-editor.default\">\n\t\t\t\t<div class=\"elementor-widget-container\">\n\t\t\t\t\t\t\t<h1 class=\"p1\"><strong>Avviso legale<\/strong><\/h1>\n<p class=\"p1\">Al fine di rispettare l&#8217;articolo 10 della Legge 34\/2002 sui Servizi della Societ\u00e0 dell&#8217;Informazione e del Commercio Elettronico, informiamo l&#8217;utente dei nostri dati:<\/p>\n<ul class=\"ul1\">\n<li class=\"li1\"><b>Nome della societ\u00e0: <\/b>EI SEGUIN JEREMY<\/li>\n<li class=\"li1\"><b>Nome commerciale: <\/b>HU\u00ceTRES SEGUIN<\/li>\n<li class=\"li1\"><b>Sede legale : <\/b>Chemin de la grande \u00e9chelle, 17730 Port Des Barques, FRANCIA<\/li>\n<li class=\"li1\"><b>PARTITA IVA: <\/b>FR21788593416<\/li>\n<li class=\"li1\"><b>Telefono: <\/b>+33 628933663<\/li>\n<li class=\"li1\"><b>Email: <\/b>comercial@huitres-seguin.fr<span class=\"Apple-converted-space\">&nbsp;<\/span><\/li>\n<\/ul>\n<p class=\"p1\"><b><br><\/b><\/p><h3><b>Oggetto<\/b><\/h3>\n<p class=\"p1\">Il fornitore, responsabile del sito web, mette a disposizione degli utenti il presente documento con il quale intende adempiere agli obblighi previsti dalla Legge 34\/2002, sui Servizi della Societ\u00e0 dell&#8217;Informazione e del Commercio Elettronico (LSSI-CE), oltre a informare tutti gli utenti del sito web sulle condizioni di utilizzo del sito stesso.<\/p>\n<p class=\"p1\">Chiunque acceda a questo sito web assume il ruolo di utente, impegnandosi all&#8217;osservanza e al rigoroso rispetto delle disposizioni del presente documento, nonch\u00e9 di qualsiasi altra disposizione di legge applicabile.<\/p>\n<p class=\"p1\">Il fornitore si riserva il diritto di modificare qualsiasi tipo di informazione che possa apparire sul sito web, senza alcun obbligo di preavviso o di informazione agli utenti, intendendo come sufficiente la pubblicazione sul sito web del fornitore.<\/p>\n<h3><b>Responsabilit\u00e0<\/b><\/h3>\n<p class=\"p1\">Il fornitore declina ogni responsabilit\u00e0 per le informazioni pubblicate sul proprio sito web, nel caso in cui tali informazioni siano state manipolate o introdotte da terzi esterni allo stesso.<\/p>\n<p class=\"p1\">Il sito web del fornitore pu\u00f2 utilizzare i cookie (piccoli file informativi che il server invia al computer di chi accede alla pagina) per svolgere alcune funzioni ritenute essenziali per il corretto funzionamento e la visualizzazione del sito. I cookie utilizzati nel sito sono, in ogni caso, di natura temporanea al solo fine di rendere pi\u00f9 efficiente la successiva trasmissione e scompaiono al termine della sessione dell&#8217;utente. In nessun caso i cookie vengono utilizzati per raccogliere informazioni personali. <span class=\"s2\">Aggiungete qui un link alla vostra politica sui cookie.<\/span><\/p>\n<p class=\"p1\">\u00c8 possibile che il sito web del cliente venga reindirizzato al contenuto di siti web di terzi. Poich\u00e9 il fornitore non pu\u00f2 sempre controllare i contenuti pubblicati da terzi sui loro siti web, non si assume alcuna responsabilit\u00e0 per tali contenuti. In ogni caso, il fornitore dichiara che rimuover\u00e0 immediatamente qualsiasi contenuto che possa contravvenire alla legislazione nazionale o internazionale, al buon costume o all&#8217;ordine pubblico, procedendo all&#8217;immediato ritiro del reindirizzamento a tale sito web, informando le autorit\u00e0 competenti del contenuto in questione.<\/p>\n<p class=\"p1\">Il provider non \u00e8 responsabile delle informazioni e dei contenuti memorizzati, inclusi, a titolo esemplificativo, forum, chat, generatori di blog, commenti, social network o qualsiasi altro mezzo che consenta a terzi di pubblicare contenuti in modo indipendente sul sito web del provider. Tuttavia, e in conformit\u00e0 con le disposizioni degli artt. 11 e 16 della LSSI-CE, il provider \u00e8 a disposizione di tutti gli utenti, delle autorit\u00e0 e delle forze di sicurezza, e collabora attivamente alla rimozione o al blocco di tutti i contenuti che potrebbero pregiudicare o contravvenire alla legislazione nazionale o internazionale, ai diritti di terzi o al buon costume e all&#8217;ordine pubblico. Nel caso in cui l&#8217;utente ritenga che sul sito web siano presenti contenuti che potrebbero essere suscettibili di questa classificazione, \u00e8 pregato di comunicarlo immediatamente all&#8217;amministratore del sito.<\/p>\n<p class=\"p1\">Questo sito web \u00e8 stato controllato e testato per garantirne il corretto funzionamento. In linea di massima, \u00e8 possibile garantirne il corretto funzionamento per 365 giorni all&#8217;anno, 24 ore al giorno. Tuttavia, il fornitore non esclude l&#8217;esistenza di alcuni errori di programmazione o il verificarsi di cause di forza maggiore, disastri naturali, scioperi o circostanze simili che rendano impossibile l&#8217;accesso al sito web.<\/p>\n<h3><b>Propriet\u00e0 intellettuale e industriale<\/b><\/h3>\n<p class=\"p1\">Il sito web, compresi, a titolo esemplificativo e non esaustivo, la programmazione, la redazione, la compilazione e gli altri elementi necessari al suo funzionamento, i disegni, i loghi, i testi e\/o la grafica sono di propriet\u00e0 del fornitore o, se del caso, dispongono di una licenza o di un&#8217;autorizzazione espressa da parte degli autori. Tutti i contenuti del sito web sono debitamente protetti dalle norme sulla propriet\u00e0 intellettuale e industriale, nonch\u00e9 registrati nei corrispondenti registri pubblici.<br><span class=\"Apple-converted-space\">&nbsp;<\/span>Indipendentemente dallo scopo per cui sono stati concepiti, la riproduzione totale o parziale, l&#8217;uso, lo sfruttamento, la distribuzione e la commercializzazione richiedono in ogni caso la previa autorizzazione scritta del fornitore. Qualsiasi utilizzo non preventivamente autorizzato dal fornitore sar\u00e0 considerato una grave violazione dei diritti di propriet\u00e0 intellettuale o industriale dell&#8217;autore.<\/p>\n<p class=\"p1\">I disegni, i loghi, i testi e\/o la grafica che non appartengono al fornitore e che possono comparire sul sito web appartengono ai rispettivi proprietari, i quali sono responsabili di ogni eventuale controversia che possa sorgere in merito. In ogni caso, il fornitore ha l&#8217;espressa autorizzazione preventiva dello stesso.<\/p>\n<p class=\"p1\">Il fornitore NON AUTORIZZA espressamente terzi a reindirizzare direttamente ai contenuti specifici del sito web, e in ogni caso deve reindirizzare al sito web principale del fornitore.<\/p>\n<p class=\"p1\">Il fornitore riconosce i corrispondenti diritti di propriet\u00e0 industriale e intellettuale a favore dei loro proprietari, e la loro semplice menzione o apparizione sul sito web non implica l&#8217;esistenza di alcun diritto o responsabilit\u00e0 da parte del fornitore in relazione agli stessi, n\u00e9 alcun avallo, sponsorizzazione o raccomandazione da parte dello stesso.<\/p>\n<p class=\"p1\">Per esprimere commenti su eventuali violazioni dei diritti di propriet\u00e0 intellettuale o industriale, nonch\u00e9 su qualsiasi contenuto del sito web, \u00e8 possibile farlo tramite l&#8217;indirizzo e-mail che compare nei dati identificativi all&#8217;inizio di questo documento.<\/p>\n<h3><b>Accuratezza delle informazioni<\/b><\/h3>\n<p class=\"p1\">Tutte le informazioni fornite dall&#8217;Utente devono essere veritiere. A tal fine, l&#8217;Utente garantisce l&#8217;autenticit\u00e0 dei dati comunicati attraverso i moduli di iscrizione ai Servizi. Sar\u00e0 responsabilit\u00e0 dell&#8217;Utente mantenere costantemente aggiornate tutte le informazioni fornite alla Societ\u00e0 in modo che corrispondano, in ogni momento, alla sua situazione reale. In ogni caso, l&#8217;Utente sar\u00e0 l&#8217;unico responsabile di eventuali dichiarazioni false o inesatte e di eventuali danni causati al fornitore o a terzi.<\/p>\n<h3><b>Minori<\/b><\/h3>\n<p class=\"p1\">Per utilizzare i servizi, i minori devono sempre ottenere il consenso preventivo dei genitori, dei tutori o dei rappresentanti legali, che sono in ultima analisi responsabili di tutti gli atti compiuti dai minori a loro affidati. La responsabilit\u00e0 di determinare i contenuti specifici a cui i minori hanno accesso spetta a loro, per questo motivo, se accedono a contenuti inappropriati su Internet, sar\u00e0 necessario stabilire dei meccanismi sui loro computer, in particolare programmi informatici, filtri e blocchi, che consentono di limitare i contenuti disponibili e, sebbene non siano infallibili, sono particolarmente utili per controllare e limitare il materiale a cui i minori possono accedere.<\/p>\n<h3><b>Obbligo di utilizzare correttamente il sito web<\/b><\/h3>\n<p class=\"p1\">L&#8217;Utente si impegna a utilizzare il Sito nel rispetto della Legge e del presente Avviso Legale, nonch\u00e9 della morale e dei buoni costumi. A tal fine, l&#8217;Utente si asterr\u00e0 dall&#8217;utilizzare la pagina per scopi illeciti o proibiti, lesivi dei diritti e degli interessi di terzi, o che in qualsiasi modo possano danneggiare, rendere inutilizzabile, sovraccaricare, deteriorare o impedire il normale utilizzo delle apparecchiature informatiche o dei documenti, dei file e di tutti i tipi di contenuti memorizzati in qualsiasi apparecchiatura informatica del fornitore.<\/p>\n<p class=\"p1\">In particolare, a titolo esemplificativo e non esaustivo, l&#8217;Utente si impegna a non trasmettere, diffondere o mettere a disposizione di terzi, informazioni, dati, contenuti, messaggi, grafici, disegni, file sonori o di immagine, fotografie, registrazioni, software e, in generale, qualsiasi tipo di materiale che:<\/p>\n<p class=\"p1\">(a) \u00e8 contrario, non rispetta o viola i diritti fondamentali e le libert\u00e0 civili riconosciuti dalla Costituzione, dai trattati internazionali e da altre leggi applicabili;<\/p>\n<p class=\"p1\">(b) induce, incita o promuove azioni criminali, degradanti, diffamatorie, violente o, in generale, illegali, immorali o contrarie all&#8217;ordine pubblico;<\/p>\n<p class=\"p1\">(c) induce, incita o promuove azioni, atteggiamenti o pensieri discriminatori per motivi di sesso, razza, religione, convinzioni personali, et\u00e0 o status;<\/p>\n<p class=\"p1\">(d) \u00e8 contrario al diritto all&#8217;onore, alla privacy personale o familiare o alla propria immagine;<\/p>\n<p class=\"p1\">(e) danneggi in qualsiasi modo la credibilit\u00e0 del fornitore o di terzi; e<\/p>\n<p class=\"p1\">(f) costituisce pubblicit\u00e0 illegale, ingannevole o sleale.<\/p>\n<h3><b>Legge applicabile e giurisdizione<\/b><\/h3>\n<p class=\"p1\">Per la risoluzione di tutte le controversie o questioni relative a questo sito web o alle attivit\u00e0 svolte su di esso, si applicher\u00e0 la legislazione spagnola, alla quale le parti si sottomettono espressamente, e le Corti e i Tribunali di Rochefort, Francia, saranno competenti per la risoluzione di tutte le controversie derivanti da o relative al suo utilizzo.<\/p>\t\t\t\t\t\t<\/div>\n\t\t\t\t<\/div>\n\t\t\t\t<\/div>\n\t\t\t\t\t<\/div>\n\t\t\t\t<\/div>\n\t\t\t\t<\/div>\n\t\t","protected":false},"excerpt":{"rendered":"<p>Avviso legale Al fine di rispettare l&#8217;articolo 10 della Legge 34\/2002 sui Servizi della Societ\u00e0 dell&#8217;Informazione e del Commercio Elettronico, informiamo l&#8217;utente dei nostri dati: Nome della societ\u00e0: EI SEGUIN JEREMY Nome commerciale: HU\u00ceTRES SEGUIN Sede legale : Chemin de la grande \u00e9chelle, 17730 Port Des Barques, FRANCIA PARTITA IVA: FR21788593416 Telefono: +33 628933663 Email: [&hellip;]<\/p>\n","protected":false},"author":1,"featured_media":0,"parent":0,"menu_order":90,"comment_status":"closed","ping_status":"closed","template":"","meta":{"_acf_changed":false,"footnotes":""},"class_list":["post-514","page","type-page","status-publish","hentry"],"acf":[],"_links":{"self":[{"href":"https:\/\/jeremyseguin.com\/index.php\/wp-json\/wp\/v2\/pages\/514","targetHints":{"allow":["GET"]}}],"collection":[{"href":"https:\/\/jeremyseguin.com\/index.php\/wp-json\/wp\/v2\/pages"}],"about":[{"href":"https:\/\/jeremyseguin.com\/index.php\/wp-json\/wp\/v2\/types\/page"}],"author":[{"embeddable":true,"href":"https:\/\/jeremyseguin.com\/index.php\/wp-json\/wp\/v2\/users\/1"}],"replies":[{"embeddable":true,"href":"https:\/\/jeremyseguin.com\/index.php\/wp-json\/wp\/v2\/comments?post=514"}],"version-history":[{"count":4,"href":"https:\/\/jeremyseguin.com\/index.php\/wp-json\/wp\/v2\/pages\/514\/revisions"}],"predecessor-version":[{"id":518,"href":"https:\/\/jeremyseguin.com\/index.php\/wp-json\/wp\/v2\/pages\/514\/revisions\/518"}],"wp:attachment":[{"href":"https:\/\/jeremyseguin.com\/index.php\/wp-json\/wp\/v2\/media?parent=514"}],"curies":[{"name":"wp","href":"https:\/\/api.w.org\/{rel}","templated":true}]}}