{"id":566,"date":"2024-10-29T14:20:07","date_gmt":"2024-10-29T13:20:07","guid":{"rendered":"https:\/\/jeremyseguin.com\/?page_id=566"},"modified":"2024-11-19T11:55:43","modified_gmt":"2024-11-19T10:55:43","slug":"notre-histoire","status":"publish","type":"page","link":"https:\/\/jeremyseguin.com\/index.php\/fr\/notre-histoire\/","title":{"rendered":"Notre histoire"},"content":{"rendered":"\t\t<div data-elementor-type=\"wp-page\" data-elementor-id=\"566\" class=\"elementor elementor-566\" data-elementor-post-type=\"page\">\n\t\t\t\t<div class=\"elementor-element elementor-element-924d1aa e-flex e-con-boxed e-con e-parent\" data-id=\"924d1aa\" data-element_type=\"container\">\n\t\t\t\t\t<div class=\"e-con-inner\">\n\t\t<div class=\"elementor-element elementor-element-5e1c8e6 e-con-full e-flex e-con e-child\" data-id=\"5e1c8e6\" data-element_type=\"container\" data-settings=\"{&quot;background_background&quot;:&quot;classic&quot;}\">\n\t\t<div class=\"elementor-element elementor-element-2f7cb91 e-con-full e-flex e-con e-child\" data-id=\"2f7cb91\" data-element_type=\"container\" data-settings=\"{&quot;background_background&quot;:&quot;classic&quot;}\">\n\t\t\t\t<div class=\"elementor-element elementor-element-ebcfad3 elementor-widget elementor-widget-heading\" data-id=\"ebcfad3\" data-element_type=\"widget\" data-widget_type=\"heading.default\">\n\t\t\t\t<div class=\"elementor-widget-container\">\n\t\t\t<h1 class=\"elementor-heading-title elementor-size-default\">Notre<br \/> histoire<\/h1>\t\t<\/div>\n\t\t\t\t<\/div>\n\t\t\t\t<\/div>\n\t\t\t\t<\/div>\n\t\t\t\t\t<\/div>\n\t\t\t\t<\/div>\n\t\t<div class=\"elementor-element elementor-element-1581bbc3 e-flex e-con-boxed e-con e-parent\" data-id=\"1581bbc3\" data-element_type=\"container\" data-settings=\"{&quot;background_background&quot;:&quot;classic&quot;}\">\n\t\t\t\t\t<div class=\"e-con-inner\">\n\t\t<div class=\"elementor-element elementor-element-449ad42e e-con-full e-flex e-con e-child\" data-id=\"449ad42e\" data-element_type=\"container\" data-settings=\"{&quot;background_background&quot;:&quot;classic&quot;}\">\n\t\t<div class=\"elementor-element elementor-element-19856fb4 e-con-full e-flex e-con e-child\" data-id=\"19856fb4\" data-element_type=\"container\">\n\t\t<div class=\"elementor-element elementor-element-55fb8518 e-con-full elementor-hidden-mobile e-flex e-con e-child\" data-id=\"55fb8518\" data-element_type=\"container\" data-settings=\"{&quot;background_background&quot;:&quot;classic&quot;}\">\n\t\t\t\t<\/div>\n\t\t<div class=\"elementor-element elementor-element-6fc64957 e-con-full e-flex e-con e-child\" data-id=\"6fc64957\" data-element_type=\"container\">\n\t\t\t\t<div class=\"elementor-element elementor-element-7ab285a1 elementor-widget elementor-widget-text-editor\" data-id=\"7ab285a1\" data-element_type=\"widget\" data-widget_type=\"text-editor.default\">\n\t\t\t\t<div class=\"elementor-widget-container\">\n\t\t\t\t\t\t\t<p><span style=\"color: var( --e-global-color-text ); font-family: var( --e-global-typography-text-font-family ), Sans-serif; font-weight: var( --e-global-typography-text-font-weight ); text-align: var(--text-align); background-color: var( --e-global-color-015499d ); font-size: 1rem;\">Nous sommes transport\u00e9s sur la c\u00f4te atlantique et plus pr\u00e9cis\u00e9ment \u00e0 <\/span><b style=\"color: var( --e-global-color-text ); font-family: var( --e-global-typography-text-font-family ), Sans-serif; text-align: var(--text-align); background-color: var( --e-global-color-015499d ); font-size: 1rem;\">Port des Barques<\/b><span style=\"color: var( --e-global-color-text ); font-family: var( --e-global-typography-text-font-family ), Sans-serif; font-weight: var( --e-global-typography-text-font-weight ); text-align: var(--text-align); background-color: var( --e-global-color-015499d ); font-size: 1rem;\">, dans le bassin de <\/span><b style=\"color: var( --e-global-color-text ); font-family: var( --e-global-typography-text-font-family ), Sans-serif; text-align: var(--text-align); background-color: var( --e-global-color-015499d ); font-size: 1rem;\">Marennes-Ol\u00e9ron<\/b><span style=\"color: var( --e-global-color-text ); font-family: var( --e-global-typography-text-font-family ), Sans-serif; font-weight: var( --e-global-typography-text-font-weight ); text-align: var(--text-align); background-color: var( --e-global-color-015499d ); font-size: 1rem;\">, \u00e0 l&rsquo;entr\u00e9e de l&rsquo;estuaire de la <\/span><b style=\"color: var( --e-global-color-text ); font-family: var( --e-global-typography-text-font-family ), Sans-serif; text-align: var(--text-align); background-color: var( --e-global-color-015499d ); font-size: 1rem;\">Charente<\/b><span style=\"color: var( --e-global-color-text ); font-family: var( --e-global-typography-text-font-family ), Sans-serif; font-weight: var( --e-global-typography-text-font-weight ); text-align: var(--text-align); background-color: var( --e-global-color-015499d ); font-size: 1rem;\">, face \u00e0 l&rsquo;\u00eele d&rsquo;<\/span><b style=\"color: var( --e-global-color-text ); font-family: var( --e-global-typography-text-font-family ), Sans-serif; text-align: var(--text-align); background-color: var( --e-global-color-015499d ); font-size: 1rem;\">Aix<\/b><span style=\"color: var( --e-global-color-text ); font-family: var( --e-global-typography-text-font-family ), Sans-serif; font-weight: var( --e-global-typography-text-font-weight ); text-align: var(--text-align); background-color: var( --e-global-color-015499d ); font-size: 1rem;\"> et \u00e0 <\/span><b style=\"color: var( --e-global-color-text ); font-family: var( --e-global-typography-text-font-family ), Sans-serif; text-align: var(--text-align); background-color: var( --e-global-color-015499d ); font-size: 1rem;\">Fort Boyard<\/b><span style=\"color: var( --e-global-color-text ); font-family: var( --e-global-typography-text-font-family ), Sans-serif; font-weight: var( --e-global-typography-text-font-weight ); text-align: var(--text-align); background-color: var( --e-global-color-015499d ); font-size: 1rem;\">.<\/span><\/p><p>C&rsquo;est alors qu&rsquo;en 1975, <b>Claudie Seguin<\/b>, \u00e2g\u00e9e de 16 ans seulement, d\u00e9cide de se lancer dans l&rsquo;aventure de la culture et de l&rsquo;affinage des hu\u00eetres. Avec son \u00e9pouse <b>Caroline<\/b>, ils perfectionnent sans cesse leurs techniques pour proposer des hu\u00eetres de qualit\u00e9 dans un environnement naturel pr\u00e9serv\u00e9, caract\u00e9ris\u00e9 par une salinit\u00e9 mod\u00e9r\u00e9e et la richesse nutritionnelle du fleuve Charente.<\/p>\t\t\t\t\t\t<\/div>\n\t\t\t\t<\/div>\n\t\t\t\t<\/div>\n\t\t\t\t<\/div>\n\t\t\t\t<\/div>\n\t\t\t\t\t<\/div>\n\t\t\t\t<\/div>\n\t\t<div class=\"elementor-element elementor-element-1682bd23 elementor-hidden-desktop elementor-hidden-tablet e-flex e-con-boxed e-con e-parent\" data-id=\"1682bd23\" data-element_type=\"container\" data-settings=\"{&quot;background_background&quot;:&quot;slideshow&quot;,&quot;background_slideshow_gallery&quot;:[{&quot;id&quot;:141,&quot;url&quot;:&quot;https:\\\/\\\/jeremyseguin.com\\\/wp-content\\\/uploads\\\/2024\\\/09\\\/nuestra-historia-barco-V.jpg&quot;},{&quot;id&quot;:153,&quot;url&quot;:&quot;https:\\\/\\\/jeremyseguin.com\\\/wp-content\\\/uploads\\\/2024\\\/09\\\/nuestra-historia-jeremy.jpg&quot;},{&quot;id&quot;:146,&quot;url&quot;:&quot;https:\\\/\\\/jeremyseguin.com\\\/wp-content\\\/uploads\\\/2024\\\/09\\\/nuestra-historia-pescant-H.jpg&quot;},{&quot;id&quot;:145,&quot;url&quot;:&quot;https:\\\/\\\/jeremyseguin.com\\\/wp-content\\\/uploads\\\/2024\\\/09\\\/nuestra-historia-mar-H.jpg&quot;}],&quot;background_slideshow_slide_duration&quot;:2000,&quot;background_slideshow_slide_transition&quot;:&quot;slide_left&quot;,&quot;background_slideshow_loop&quot;:&quot;yes&quot;,&quot;background_slideshow_transition_duration&quot;:500}\">\n\t\t\t\t\t<div class=\"e-con-inner\">\n\t\t\t\t\t<\/div>\n\t\t\t\t<\/div>\n\t\t<div class=\"elementor-element elementor-element-197598fe e-flex e-con-boxed e-con e-parent\" data-id=\"197598fe\" data-element_type=\"container\" data-settings=\"{&quot;background_background&quot;:&quot;classic&quot;}\">\n\t\t\t\t\t<div class=\"e-con-inner\">\n\t\t<div class=\"elementor-element elementor-element-2023d28c e-con-full e-flex e-con e-child\" data-id=\"2023d28c\" data-element_type=\"container\" data-settings=\"{&quot;background_background&quot;:&quot;classic&quot;}\">\n\t\t<div class=\"elementor-element elementor-element-5dd04b3a e-con-full e-flex e-con e-child\" data-id=\"5dd04b3a\" data-element_type=\"container\">\n\t\t<div class=\"elementor-element elementor-element-286f6733 e-con-full e-flex e-con e-child\" data-id=\"286f6733\" data-element_type=\"container\">\n\t\t\t\t<div class=\"elementor-element elementor-element-2c9824dc elementor-widget elementor-widget-text-editor\" data-id=\"2c9824dc\" data-element_type=\"widget\" data-widget_type=\"text-editor.default\">\n\t\t\t\t<div class=\"elementor-widget-container\">\n\t\t\t\t\t\t\t<p>Depuis pr\u00e8s de <b>40 ans<\/b>, ils n&rsquo;ont de cesse de transmettre leur passion et leur respect pour ce produit d&rsquo;exception. En 2012, leur fils J\u00e9r\u00e9my, \u00e2g\u00e9 de 20 ans, a rejoint l&rsquo;entreprise <b>familiale<\/b> et perp\u00e9tue l&rsquo;h\u00e9ritage en alliant innovation et tradition. Il a v\u00e9cu, depuis sa plus tendre enfance, immerg\u00e9 dans l&rsquo;activit\u00e9 ostr\u00e9icole familiale.<\/p>\t\t\t\t\t\t<\/div>\n\t\t\t\t<\/div>\n\t\t\t\t<\/div>\n\t\t<div class=\"elementor-element elementor-element-54f33b1e e-con-full elementor-hidden-mobile e-flex e-con e-child\" data-id=\"54f33b1e\" data-element_type=\"container\" data-settings=\"{&quot;background_background&quot;:&quot;classic&quot;}\">\n\t\t\t\t<\/div>\n\t\t\t\t<\/div>\n\t\t\t\t<\/div>\n\t\t\t\t\t<\/div>\n\t\t\t\t<\/div>\n\t\t<div class=\"elementor-element elementor-element-3f832c6 e-flex e-con-boxed e-con e-parent\" data-id=\"3f832c6\" data-element_type=\"container\" data-settings=\"{&quot;background_background&quot;:&quot;classic&quot;}\">\n\t\t\t\t\t<div class=\"e-con-inner\">\n\t\t<div class=\"elementor-element elementor-element-7e44dbbf e-con-full e-flex e-con e-child\" data-id=\"7e44dbbf\" data-element_type=\"container\" data-settings=\"{&quot;background_background&quot;:&quot;classic&quot;}\">\n\t\t<div class=\"elementor-element elementor-element-7c054e9d e-con-full e-flex e-con e-child\" data-id=\"7c054e9d\" data-element_type=\"container\">\n\t\t<div class=\"elementor-element elementor-element-46c7081e e-con-full elementor-hidden-mobile e-flex e-con e-child\" data-id=\"46c7081e\" data-element_type=\"container\" data-settings=\"{&quot;background_background&quot;:&quot;classic&quot;}\">\n\t\t\t\t<\/div>\n\t\t<div class=\"elementor-element elementor-element-1dc64681 e-con-full e-flex e-con e-child\" data-id=\"1dc64681\" data-element_type=\"container\">\n\t\t\t\t<div class=\"elementor-element elementor-element-1e599ca6 elementor-widget elementor-widget-text-editor\" data-id=\"1e599ca6\" data-element_type=\"widget\" data-widget_type=\"text-editor.default\">\n\t\t\t\t<div class=\"elementor-widget-container\">\n\t\t\t\t\t\t\t<p>Aujourd&rsquo;hui, avec une \u00e9quipe engag\u00e9e, ils produisent des hu\u00eetres de <b>grande qualit\u00e9<\/b>, appr\u00e9ci\u00e9es par les meilleures poissonneries et les restaurants renomm\u00e9s de France.<\/p>\t\t\t\t\t\t<\/div>\n\t\t\t\t<\/div>\n\t\t\t\t<\/div>\n\t\t\t\t<\/div>\n\t\t\t\t<\/div>\n\t\t\t\t\t<\/div>\n\t\t\t\t<\/div>\n\t\t<div class=\"elementor-element elementor-element-6d8b2bbd e-flex e-con-boxed e-con e-parent\" data-id=\"6d8b2bbd\" data-element_type=\"container\" data-settings=\"{&quot;background_background&quot;:&quot;classic&quot;}\">\n\t\t\t\t\t<div class=\"e-con-inner\">\n\t\t<div class=\"elementor-element elementor-element-d94c938 e-con-full e-flex e-con e-child\" data-id=\"d94c938\" data-element_type=\"container\" data-settings=\"{&quot;background_background&quot;:&quot;classic&quot;}\">\n\t\t<div class=\"elementor-element elementor-element-6c877f29 e-con-full e-flex e-con e-child\" data-id=\"6c877f29\" data-element_type=\"container\">\n\t\t<div class=\"elementor-element elementor-element-63fff758 e-con-full e-flex e-con e-child\" data-id=\"63fff758\" data-element_type=\"container\">\n\t\t\t\t<div class=\"elementor-element elementor-element-6a2ed915 elementor-widget elementor-widget-text-editor\" data-id=\"6a2ed915\" data-element_type=\"widget\" data-widget_type=\"text-editor.default\">\n\t\t\t\t<div class=\"elementor-widget-container\">\n\t\t\t\t\t\t\t<p>Chaque g\u00e9n\u00e9ration a son r\u00eave et entreprend ses propres aventures. Celui de <b>J\u00e9r\u00e9my Seguin<\/b> est de porter l&rsquo;h\u00e9ritage familial \u00e0 travers le monde, en exportant les hu\u00eetres Seguin dans de nombreux pays.<\/p>\t\t\t\t\t\t<\/div>\n\t\t\t\t<\/div>\n\t\t\t\t<\/div>\n\t\t<div class=\"elementor-element elementor-element-3dc7edc5 e-con-full elementor-hidden-mobile e-flex e-con e-child\" data-id=\"3dc7edc5\" data-element_type=\"container\" data-settings=\"{&quot;background_background&quot;:&quot;classic&quot;}\">\n\t\t\t\t<\/div>\n\t\t\t\t<\/div>\n\t\t\t\t<\/div>\n\t\t\t\t\t<\/div>\n\t\t\t\t<\/div>\n\t\t<div class=\"elementor-element elementor-element-5f679bdb e-flex e-con-boxed e-con e-parent\" data-id=\"5f679bdb\" data-element_type=\"container\">\n\t\t\t\t\t<div class=\"e-con-inner\">\n\t\t<div class=\"elementor-element elementor-element-21506e88 e-con-full e-flex e-con e-child\" data-id=\"21506e88\" data-element_type=\"container\" data-settings=\"{&quot;background_background&quot;:&quot;classic&quot;}\">\n\t\t<div class=\"elementor-element elementor-element-7bee8b46 e-con-full e-flex e-con e-child\" data-id=\"7bee8b46\" data-element_type=\"container\">\n\t\t\t\t<div class=\"elementor-element elementor-element-235488d9 elementor-widget elementor-widget-heading\" data-id=\"235488d9\" data-element_type=\"widget\" data-widget_type=\"heading.default\">\n\t\t\t\t<div class=\"elementor-widget-container\">\n\t\t\t<h2 class=\"elementor-heading-title elementor-size-default\">Voulez-vous les meilleures hu\u00eetres ?<\/h2>\t\t<\/div>\n\t\t\t\t<\/div>\n\t\t\t\t<div class=\"elementor-element elementor-element-7014ca04 elementor-align-center elementor-widget elementor-widget-button\" data-id=\"7014ca04\" data-element_type=\"widget\" data-widget_type=\"button.default\">\n\t\t\t\t<div class=\"elementor-widget-container\">\n\t\t\t\t\t\t\t<div class=\"elementor-button-wrapper\">\n\t\t\t\t\t<a class=\"elementor-button elementor-button-link elementor-size-sm\" href=\"https:\/\/jeremyseguin.com\/index.php\/fr\/contactez\/\">\n\t\t\t\t\t\t<span class=\"elementor-button-content-wrapper\">\n\t\t\t\t\t\t\t\t\t<span class=\"elementor-button-text\">Contactez-nous<\/span>\n\t\t\t\t\t<\/span>\n\t\t\t\t\t<\/a>\n\t\t\t\t<\/div>\n\t\t\t\t\t\t<\/div>\n\t\t\t\t<\/div>\n\t\t\t\t<\/div>\n\t\t\t\t<\/div>\n\t\t\t\t\t<\/div>\n\t\t\t\t<\/div>\n\t\t\t\t<\/div>\n\t\t","protected":false},"excerpt":{"rendered":"<p>Notre histoire Nous sommes transport\u00e9s sur la c\u00f4te atlantique et plus pr\u00e9cis\u00e9ment \u00e0 Port des Barques, dans le bassin de Marennes-Ol\u00e9ron, \u00e0 l&#8217;entr\u00e9e de l&#8217;estuaire de la Charente, face \u00e0 l&#8217;\u00eele d&#8217;Aix et \u00e0 Fort Boyard. C&#8217;est alors qu&#8217;en 1975, Claudie Seguin, \u00e2g\u00e9e de 16 ans seulement, d\u00e9cide de se lancer dans l&#8217;aventure de la [&hellip;]<\/p>\n","protected":false},"author":1,"featured_media":0,"parent":0,"menu_order":10,"comment_status":"closed","ping_status":"closed","template":"","meta":{"_acf_changed":false,"footnotes":""},"class_list":["post-566","page","type-page","status-publish","hentry"],"acf":[],"_links":{"self":[{"href":"https:\/\/jeremyseguin.com\/index.php\/wp-json\/wp\/v2\/pages\/566","targetHints":{"allow":["GET"]}}],"collection":[{"href":"https:\/\/jeremyseguin.com\/index.php\/wp-json\/wp\/v2\/pages"}],"about":[{"href":"https:\/\/jeremyseguin.com\/index.php\/wp-json\/wp\/v2\/types\/page"}],"author":[{"embeddable":true,"href":"https:\/\/jeremyseguin.com\/index.php\/wp-json\/wp\/v2\/users\/1"}],"replies":[{"embeddable":true,"href":"https:\/\/jeremyseguin.com\/index.php\/wp-json\/wp\/v2\/comments?post=566"}],"version-history":[{"count":7,"href":"https:\/\/jeremyseguin.com\/index.php\/wp-json\/wp\/v2\/pages\/566\/revisions"}],"predecessor-version":[{"id":738,"href":"https:\/\/jeremyseguin.com\/index.php\/wp-json\/wp\/v2\/pages\/566\/revisions\/738"}],"wp:attachment":[{"href":"https:\/\/jeremyseguin.com\/index.php\/wp-json\/wp\/v2\/media?parent=566"}],"curies":[{"name":"wp","href":"https:\/\/api.w.org\/{rel}","templated":true}]}}