{"id":568,"date":"2024-10-29T14:20:23","date_gmt":"2024-10-29T13:20:23","guid":{"rendered":"https:\/\/jeremyseguin.com\/?page_id=568"},"modified":"2024-11-19T11:58:28","modified_gmt":"2024-11-19T10:58:28","slug":"le-territoire","status":"publish","type":"page","link":"https:\/\/jeremyseguin.com\/index.php\/fr\/le-territoire\/","title":{"rendered":"Le territoire"},"content":{"rendered":"\t\t<div data-elementor-type=\"wp-page\" data-elementor-id=\"568\" class=\"elementor elementor-568\" data-elementor-post-type=\"page\">\n\t\t\t\t<div class=\"elementor-element elementor-element-142e715f e-flex e-con-boxed e-con e-parent\" data-id=\"142e715f\" data-element_type=\"container\">\n\t\t\t\t\t<div class=\"e-con-inner\">\n\t\t<div class=\"elementor-element elementor-element-6326e0dd e-con-full e-flex e-con e-child\" data-id=\"6326e0dd\" data-element_type=\"container\" data-settings=\"{&quot;background_background&quot;:&quot;classic&quot;}\">\n\t\t<div class=\"elementor-element elementor-element-466e1f19 e-con-full e-flex e-con e-child\" data-id=\"466e1f19\" data-element_type=\"container\">\n\t\t\t\t<div class=\"elementor-element elementor-element-686cf15d elementor-widget elementor-widget-heading\" data-id=\"686cf15d\" data-element_type=\"widget\" data-widget_type=\"heading.default\">\n\t\t\t\t<div class=\"elementor-widget-container\">\n\t\t\t<h1 class=\"elementor-heading-title elementor-size-default\">L'ostr\u00e9iculture<br \/>dans le marais d'Ol\u00e9ron<\/h1>\t\t<\/div>\n\t\t\t\t<\/div>\n\t\t\t\t<\/div>\n\t\t\t\t<\/div>\n\t\t\t\t\t<\/div>\n\t\t\t\t<\/div>\n\t\t<div class=\"elementor-element elementor-element-466e45c e-flex e-con-boxed e-con e-parent\" data-id=\"466e45c\" data-element_type=\"container\" data-settings=\"{&quot;background_background&quot;:&quot;classic&quot;}\">\n\t\t\t\t\t<div class=\"e-con-inner\">\n\t\t<div class=\"elementor-element elementor-element-efe91d6 e-con-full e-flex e-con e-child\" data-id=\"efe91d6\" data-element_type=\"container\" data-settings=\"{&quot;background_background&quot;:&quot;classic&quot;}\">\n\t\t<div class=\"elementor-element elementor-element-f12ab0b e-con-full e-flex e-con e-child\" data-id=\"f12ab0b\" data-element_type=\"container\">\n\t\t<div class=\"elementor-element elementor-element-12e3919 e-con-full elementor-hidden-mobile e-flex e-con e-child\" data-id=\"12e3919\" data-element_type=\"container\" data-settings=\"{&quot;background_background&quot;:&quot;classic&quot;}\">\n\t\t\t\t<\/div>\n\t\t<div class=\"elementor-element elementor-element-396d424 e-con-full e-flex e-con e-child\" data-id=\"396d424\" data-element_type=\"container\">\n\t\t\t\t<div class=\"elementor-element elementor-element-e6fd965 elementor-widget elementor-widget-text-editor\" data-id=\"e6fd965\" data-element_type=\"widget\" data-widget_type=\"text-editor.default\">\n\t\t\t\t<div class=\"elementor-widget-container\">\n\t\t\t\t\t\t\t<p><span style=\"color: var( --e-global-color-text ); font-family: var( --e-global-typography-text-font-family ), Sans-serif; font-weight: var( --e-global-typography-text-font-weight ); text-align: var(--text-align); background-color: var( --e-global-color-015499d ); font-size: 1rem;\">Les <\/span><b style=\"color: var( --e-global-color-text ); font-family: var( --e-global-typography-text-font-family ), Sans-serif; text-align: var(--text-align); background-color: var( --e-global-color-015499d ); font-size: 1rem;\">hu\u00eetres J\u00e9r\u00e9my Seguin<\/b><span style=\"color: var( --e-global-color-text ); font-family: var( --e-global-typography-text-font-family ), Sans-serif; font-weight: var( --e-global-typography-text-font-weight ); text-align: var(--text-align); background-color: var( --e-global-color-015499d ); font-size: 1rem;\"> proviennent du bassin des <\/span><b style=\"color: var( --e-global-color-text ); font-family: var( --e-global-typography-text-font-family ), Sans-serif; text-align: var(--text-align); background-color: var( --e-global-color-015499d ); font-size: 1rem;\">Marennes d&rsquo;Ol\u00e9ron<\/b><span style=\"color: var( --e-global-color-text ); font-family: var( --e-global-typography-text-font-family ), Sans-serif; font-weight: var( --e-global-typography-text-font-weight ); text-align: var(--text-align); background-color: var( --e-global-color-015499d ); font-size: 1rem;\"> (au large de la Charente-Maritime), o\u00f9 est pratiqu\u00e9e une forme unique d&rsquo;ostr\u00e9iculture.<\/span><\/p><p>L&rsquo;aire g\u00e9ographique d&rsquo;affinage, de culture et de pr\u00e9paration des hu\u00eetres Marennes Ol\u00e9ron s&rsquo;\u00e9tend sur 27 communes couvrant <b>3 000 hectares<\/b>, d&rsquo;une grande richesse biologique.\u00a0<span style=\"color: var( --e-global-color-text ); font-family: var( --e-global-typography-text-font-family ), Sans-serif; font-weight: var( --e-global-typography-text-font-weight ); text-align: var(--text-align); background-color: var( --e-global-color-015499d ); font-size: 1rem;\">Une Indication G\u00e9ographique Prot\u00e9g\u00e9e (IGP) qui d\u00e9finit une enclave de mer sauvage aux vents et mar\u00e9es violents. <\/span><span style=\"color: var( --e-global-color-text ); font-family: var( --e-global-typography-text-font-family ), Sans-serif; text-align: var(--text-align); background-color: var( --e-global-color-015499d ); font-size: 1rem;\"><b>Ce sont les seules hu\u00eetres fran\u00e7aises \u00e0 b\u00e9n\u00e9ficier de cette distinction d&rsquo;origine et de qualit\u00e9.<\/b><\/span><\/p><p>Pour que les hu\u00eetres de cette r\u00e9gion b\u00e9n\u00e9ficient de l&rsquo;IGP Marennes &#8211; Ol\u00e9ron, trois conditions doivent \u00eatre remplies, ce qui est le cas des hu\u00eetres Jeremy Seguin : \u00eatre <b>cultiv\u00e9es<\/b> sur la c\u00f4te atlantique fran\u00e7aise, <b>affiner<\/b> en claires dans l&rsquo;une des 27 communes du bassin et \u00eatre <b>conditionn\u00e9es<\/b> dans la zone de Marennes &#8211; Ol\u00e9ron.<\/p>\t\t\t\t\t\t<\/div>\n\t\t\t\t<\/div>\n\t\t\t\t<\/div>\n\t\t\t\t<\/div>\n\t\t\t\t<\/div>\n\t\t\t\t\t<\/div>\n\t\t\t\t<\/div>\n\t\t<div class=\"elementor-element elementor-element-2bfb8fa elementor-hidden-desktop elementor-hidden-tablet e-flex e-con-boxed e-con e-parent\" data-id=\"2bfb8fa\" data-element_type=\"container\" data-settings=\"{&quot;background_background&quot;:&quot;slideshow&quot;,&quot;background_slideshow_gallery&quot;:[{&quot;id&quot;:193,&quot;url&quot;:&quot;https:\\\/\\\/jeremyseguin.com\\\/wp-content\\\/uploads\\\/2024\\\/09\\\/territorio-2.jpg&quot;},{&quot;id&quot;:194,&quot;url&quot;:&quot;https:\\\/\\\/jeremyseguin.com\\\/wp-content\\\/uploads\\\/2024\\\/09\\\/territorio-3.jpg&quot;},{&quot;id&quot;:195,&quot;url&quot;:&quot;https:\\\/\\\/jeremyseguin.com\\\/wp-content\\\/uploads\\\/2024\\\/09\\\/territorio-4.jpg&quot;},{&quot;id&quot;:398,&quot;url&quot;:&quot;https:\\\/\\\/jeremyseguin.com\\\/wp-content\\\/uploads\\\/2024\\\/10\\\/\\u00a9Jeremie-Eloy_0018_HMO-HD.jpg&quot;},{&quot;id&quot;:399,&quot;url&quot;:&quot;https:\\\/\\\/jeremyseguin.com\\\/wp-content\\\/uploads\\\/2024\\\/10\\\/\\u00a9Jeremie-Eloy_0223_HMO-HD.jpg&quot;}],&quot;background_slideshow_slide_duration&quot;:2000,&quot;background_slideshow_slide_transition&quot;:&quot;slide_left&quot;,&quot;background_slideshow_loop&quot;:&quot;yes&quot;,&quot;background_slideshow_transition_duration&quot;:500}\">\n\t\t\t\t\t<div class=\"e-con-inner\">\n\t\t\t\t\t<\/div>\n\t\t\t\t<\/div>\n\t\t<div class=\"elementor-element elementor-element-fcf3b06 e-flex e-con-boxed e-con e-parent\" data-id=\"fcf3b06\" data-element_type=\"container\" data-settings=\"{&quot;background_background&quot;:&quot;classic&quot;}\">\n\t\t\t\t\t<div class=\"e-con-inner\">\n\t\t<div class=\"elementor-element elementor-element-26c868f e-con-full e-flex e-con e-child\" data-id=\"26c868f\" data-element_type=\"container\" data-settings=\"{&quot;background_background&quot;:&quot;classic&quot;}\">\n\t\t<div class=\"elementor-element elementor-element-c6ac7c3 e-con-full e-flex e-con e-child\" data-id=\"c6ac7c3\" data-element_type=\"container\">\n\t\t<div class=\"elementor-element elementor-element-c4ce6e4 e-con-full e-flex e-con e-child\" data-id=\"c4ce6e4\" data-element_type=\"container\">\n\t\t\t\t<div class=\"elementor-element elementor-element-caed419 elementor-widget elementor-widget-text-editor\" data-id=\"caed419\" data-element_type=\"widget\" data-widget_type=\"text-editor.default\">\n\t\t\t\t<div class=\"elementor-widget-container\">\n\t\t\t\t\t\t\t<p>Ces c\u00f4tes de l&rsquo;oc\u00e9an Atlantique sont caract\u00e9ris\u00e9es par des mar\u00e9es et des vents forts. Ce climat particulier leur conf\u00e8re <b>un go\u00fbt fin et tr\u00e8s particulier<\/b>.<\/p><p>Le retrait des eaux produit par les mar\u00e9es oblige les hu\u00eetres \u00e0 apprendre \u00e0 vivre hors de l&rsquo;eau en \u00e9paississant leur coquille. Ces variations leur permettent une meilleure survie hors de l&rsquo;eau au moment de la vente, et elles peuvent rester \u00e0 temp\u00e9rature contr\u00f4l\u00e9e (5 \u00e0 15 \u00b0C) pendant plus de 10 jours avant la consommation finale.<\/p>\t\t\t\t\t\t<\/div>\n\t\t\t\t<\/div>\n\t\t\t\t<\/div>\n\t\t<div class=\"elementor-element elementor-element-3584267 e-con-full elementor-hidden-mobile e-flex e-con e-child\" data-id=\"3584267\" data-element_type=\"container\" data-settings=\"{&quot;background_background&quot;:&quot;classic&quot;}\">\n\t\t\t\t<\/div>\n\t\t\t\t<\/div>\n\t\t\t\t<\/div>\n\t\t\t\t\t<\/div>\n\t\t\t\t<\/div>\n\t\t<div class=\"elementor-element elementor-element-83af280 e-flex e-con-boxed e-con e-parent\" data-id=\"83af280\" data-element_type=\"container\" data-settings=\"{&quot;background_background&quot;:&quot;classic&quot;}\">\n\t\t\t\t\t<div class=\"e-con-inner\">\n\t\t<div class=\"elementor-element elementor-element-5cf1096 e-con-full e-flex e-con e-child\" data-id=\"5cf1096\" data-element_type=\"container\" data-settings=\"{&quot;background_background&quot;:&quot;classic&quot;}\">\n\t\t<div class=\"elementor-element elementor-element-0d3383a e-con-full e-flex e-con e-child\" data-id=\"0d3383a\" data-element_type=\"container\">\n\t\t<div class=\"elementor-element elementor-element-a25613e e-con-full elementor-hidden-mobile e-flex e-con e-child\" data-id=\"a25613e\" data-element_type=\"container\" data-settings=\"{&quot;background_background&quot;:&quot;classic&quot;}\">\n\t\t\t\t<\/div>\n\t\t<div class=\"elementor-element elementor-element-173d4f7 e-con-full e-flex e-con e-child\" data-id=\"173d4f7\" data-element_type=\"container\">\n\t\t\t\t<div class=\"elementor-element elementor-element-18071f5 elementor-widget elementor-widget-text-editor\" data-id=\"18071f5\" data-element_type=\"widget\" data-widget_type=\"text-editor.default\">\n\t\t\t\t<div class=\"elementor-widget-container\">\n\t\t\t\t\t\t\t<p><span style=\"color: var( --e-global-color-text ); font-family: var( --e-global-typography-text-font-family ), Sans-serif; font-weight: var( --e-global-typography-text-font-weight ); text-align: var(--text-align); background-color: var( --e-global-color-015499d ); font-size: 1rem;\">Une fois cultiv\u00e9es en mer (3 \u00e0 5 ans), elles sont transport\u00e9es vers les <\/span><b style=\"color: var( --e-global-color-text ); font-family: var( --e-global-typography-text-font-family ), Sans-serif; text-align: var(--text-align); background-color: var( --e-global-color-015499d ); font-size: 1rem;\">claires<\/b><span style=\"color: var( --e-global-color-text ); font-family: var( --e-global-typography-text-font-family ), Sans-serif; font-weight: var( --e-global-typography-text-font-weight ); text-align: var(--text-align); background-color: var( --e-global-color-015499d ); font-size: 1rem;\">. Un \u00e9cosyst\u00e8me unique, riche en min\u00e9raux et en nutriments, pour leur affinage final ou maturation pendant plusieurs semaines. Ce processus permet d&rsquo;obtenir un type d&rsquo;<\/span><b style=\"color: var( --e-global-color-text ); font-family: var( --e-global-typography-text-font-family ), Sans-serif; text-align: var(--text-align); background-color: var( --e-global-color-015499d ); font-size: 1rem;\">hu\u00eetre unique<\/b><span style=\"color: var( --e-global-color-text ); font-family: var( --e-global-typography-text-font-family ), Sans-serif; font-weight: var( --e-global-typography-text-font-weight ); text-align: var(--text-align); background-color: var( --e-global-color-015499d ); font-size: 1rem;\"> au go\u00fbt doux et raffin\u00e9. C&rsquo;est pr\u00e9cis\u00e9ment gr\u00e2ce \u00e0 ce r\u00e9gime que les hu\u00eetres parviennent \u00e0 r\u00e9g\u00e9n\u00e9rer rapidement leurs tissus cellulaires et \u00e0 s&rsquo;impr\u00e9gner des caract\u00e9ristiques uniques de ce milieu. Un environnement marqu\u00e9 par ses anciens marais transform\u00e9s en marais salants (claires). Peu profondes, elles se remplissent \u00e0 mar\u00e9e montante et retiennent l&rsquo;eau des mar\u00e9es descendantes. Cette m\u00e9thode fran\u00e7aise, unique au monde, est connue sous le nom de \u00ab <\/span><b style=\"color: var( --e-global-color-text ); font-family: var( --e-global-typography-text-font-family ), Sans-serif; text-align: var(--text-align); background-color: var( --e-global-color-015499d ); font-size: 1rem;\">maturation en claires<\/b><span style=\"color: var( --e-global-color-text ); font-family: var( --e-global-typography-text-font-family ), Sans-serif; font-weight: var( --e-global-typography-text-font-weight ); text-align: var(--text-align); background-color: var( --e-global-color-015499d ); font-size: 1rem;\"> \u00bb. Le go\u00fbt intense de la mer est att\u00e9nu\u00e9 par un go\u00fbt plus raffin\u00e9, sans perdre l&rsquo;essence marine.<\/span><\/p>\t\t\t\t\t\t<\/div>\n\t\t\t\t<\/div>\n\t\t\t\t<\/div>\n\t\t\t\t<\/div>\n\t\t\t\t<\/div>\n\t\t\t\t\t<\/div>\n\t\t\t\t<\/div>\n\t\t<div class=\"elementor-element elementor-element-91e3774 e-flex e-con-boxed e-con e-parent\" data-id=\"91e3774\" data-element_type=\"container\" data-settings=\"{&quot;background_background&quot;:&quot;classic&quot;}\">\n\t\t\t\t\t<div class=\"e-con-inner\">\n\t\t<div class=\"elementor-element elementor-element-9a677f1 e-con-full e-flex e-con e-child\" data-id=\"9a677f1\" data-element_type=\"container\" data-settings=\"{&quot;background_background&quot;:&quot;classic&quot;}\">\n\t\t<div class=\"elementor-element elementor-element-c7b7399 e-con-full e-flex e-con e-child\" data-id=\"c7b7399\" data-element_type=\"container\">\n\t\t<div class=\"elementor-element elementor-element-697e8c6 e-con-full e-flex e-con e-child\" data-id=\"697e8c6\" data-element_type=\"container\">\n\t\t\t\t<div class=\"elementor-element elementor-element-d62580f elementor-widget elementor-widget-text-editor\" data-id=\"d62580f\" data-element_type=\"widget\" data-widget_type=\"text-editor.default\">\n\t\t\t\t<div class=\"elementor-widget-container\">\n\t\t\t\t\t\t\t<p>Les hu\u00eetres \u00ab <b>Fine de Claire<\/b> \u00bb et \u00ab <b>Sp\u00e9ciale de Claire<\/b> \u00bb sont affin\u00e9es en fonction des saisons. Le joyau de la r\u00e9gion s&rsquo;appelle la <b>Fine de Claire Verte<\/b>. Ce sp\u00e9cimen rare et pr\u00e9cieux a une texture moyennement charnue et une couleur verte aqua-marine tr\u00e8s caract\u00e9ristique qui lui est donn\u00e9e par une algue appel\u00e9e \u00ab <b>navicule bleue<\/b> \u00bb. C&rsquo;est en filtrant cette algue que les hu\u00eetres produisent ce transfert de couleur qui les rend si uniques.<\/p>\t\t\t\t\t\t<\/div>\n\t\t\t\t<\/div>\n\t\t\t\t<\/div>\n\t\t<div class=\"elementor-element elementor-element-0353a57 e-con-full elementor-hidden-mobile e-flex e-con e-child\" data-id=\"0353a57\" data-element_type=\"container\" data-settings=\"{&quot;background_background&quot;:&quot;classic&quot;}\">\n\t\t\t\t<\/div>\n\t\t\t\t<\/div>\n\t\t\t\t<\/div>\n\t\t\t\t\t<\/div>\n\t\t\t\t<\/div>\n\t\t<div class=\"elementor-element elementor-element-4d5c4cc e-flex e-con-boxed e-con e-parent\" data-id=\"4d5c4cc\" data-element_type=\"container\" data-settings=\"{&quot;background_background&quot;:&quot;classic&quot;}\">\n\t\t\t\t\t<div class=\"e-con-inner\">\n\t\t<div class=\"elementor-element elementor-element-0a1cc1b e-con-full e-flex e-con e-child\" data-id=\"0a1cc1b\" data-element_type=\"container\" data-settings=\"{&quot;background_background&quot;:&quot;classic&quot;}\">\n\t\t<div class=\"elementor-element elementor-element-6078da4 e-con-full e-flex e-con e-child\" data-id=\"6078da4\" data-element_type=\"container\">\n\t\t<div class=\"elementor-element elementor-element-9ad945e e-con-full elementor-hidden-mobile e-flex e-con e-child\" data-id=\"9ad945e\" data-element_type=\"container\" data-settings=\"{&quot;background_background&quot;:&quot;classic&quot;}\">\n\t\t\t\t<\/div>\n\t\t<div class=\"elementor-element elementor-element-33c1e39 e-con-full e-flex e-con e-child\" data-id=\"33c1e39\" data-element_type=\"container\">\n\t\t\t\t<div class=\"elementor-element elementor-element-b7dc983 elementor-widget elementor-widget-text-editor\" data-id=\"b7dc983\" data-element_type=\"widget\" data-widget_type=\"text-editor.default\">\n\t\t\t\t<div class=\"elementor-widget-container\">\n\t\t\t\t\t\t\t<p>Enfin, le diamant brut de notre s\u00e9lection, <b>la Pousse en Claire<\/b>, cultiv\u00e9e pendant 6 mois dans les claires \u00e0 une densit\u00e9 comprise entre 2 et 5 hu\u00eetres par m\u00e8tre carr\u00e9. Cette faible densit\u00e9 lui permet de d\u00e9velopper une chair abondante et croquante qui lui vaut le Label Rouge, la plus haute certification de qualit\u00e9. Un produit saisonnier et unique au go\u00fbt inimitable. Gr\u00e2ce \u00e0 sa chair, elle retient peu d&rsquo;eau \u00e0 l&rsquo;int\u00e9rieur de la coquille, ce qui lui conf\u00e8re un go\u00fbt beaucoup plus sucr\u00e9 qu&rsquo;une Fine de Claire.<\/p>\t\t\t\t\t\t<\/div>\n\t\t\t\t<\/div>\n\t\t\t\t<\/div>\n\t\t\t\t<\/div>\n\t\t\t\t<\/div>\n\t\t\t\t\t<\/div>\n\t\t\t\t<\/div>\n\t\t<div class=\"elementor-element elementor-element-1e4b885 e-flex e-con-boxed e-con e-parent\" data-id=\"1e4b885\" data-element_type=\"container\">\n\t\t\t\t\t<div class=\"e-con-inner\">\n\t\t<div class=\"elementor-element elementor-element-9055023 e-con-full e-flex e-con e-child\" data-id=\"9055023\" data-element_type=\"container\">\n\t\t\t\t<div class=\"elementor-element elementor-element-190e5fb elementor-widget elementor-widget-video\" data-id=\"190e5fb\" data-element_type=\"widget\" data-settings=\"{&quot;youtube_url&quot;:&quot;https:\\\/\\\/www.youtube.com\\\/watch?v=M-6cqGbumu4&amp;t=56s&quot;,&quot;video_type&quot;:&quot;youtube&quot;,&quot;controls&quot;:&quot;yes&quot;}\" data-widget_type=\"video.default\">\n\t\t\t\t<div class=\"elementor-widget-container\">\n\t\t\t\t\t<div class=\"elementor-wrapper elementor-open-inline\">\n\t\t\t<div class=\"elementor-video\"><\/div>\t\t<\/div>\n\t\t\t\t<\/div>\n\t\t\t\t<\/div>\n\t\t\t\t<\/div>\n\t\t\t\t\t<\/div>\n\t\t\t\t<\/div>\n\t\t<div class=\"elementor-element elementor-element-10b1bc06 e-flex e-con-boxed e-con e-parent\" data-id=\"10b1bc06\" data-element_type=\"container\">\n\t\t\t\t\t<div class=\"e-con-inner\">\n\t\t<div class=\"elementor-element elementor-element-6a2f8a94 e-con-full e-flex e-con e-child\" data-id=\"6a2f8a94\" data-element_type=\"container\" data-settings=\"{&quot;background_background&quot;:&quot;classic&quot;}\">\n\t\t<div class=\"elementor-element elementor-element-599eec82 e-con-full e-flex e-con e-child\" data-id=\"599eec82\" data-element_type=\"container\">\n\t\t\t\t<div class=\"elementor-element elementor-element-7374bde3 elementor-widget elementor-widget-heading\" data-id=\"7374bde3\" data-element_type=\"widget\" data-widget_type=\"heading.default\">\n\t\t\t\t<div class=\"elementor-widget-container\">\n\t\t\t<h2 class=\"elementor-heading-title elementor-size-default\">Voulez-vous les meilleures hu\u00eetres ?<\/h2>\t\t<\/div>\n\t\t\t\t<\/div>\n\t\t\t\t<div class=\"elementor-element elementor-element-2e19580d elementor-align-center elementor-widget elementor-widget-button\" data-id=\"2e19580d\" data-element_type=\"widget\" data-widget_type=\"button.default\">\n\t\t\t\t<div class=\"elementor-widget-container\">\n\t\t\t\t\t\t\t<div class=\"elementor-button-wrapper\">\n\t\t\t\t\t<a class=\"elementor-button elementor-button-link elementor-size-sm\" href=\"https:\/\/jeremyseguin.com\/index.php\/fr\/contactez\/\">\n\t\t\t\t\t\t<span class=\"elementor-button-content-wrapper\">\n\t\t\t\t\t\t\t\t\t<span class=\"elementor-button-text\">Contactez-nous<\/span>\n\t\t\t\t\t<\/span>\n\t\t\t\t\t<\/a>\n\t\t\t\t<\/div>\n\t\t\t\t\t\t<\/div>\n\t\t\t\t<\/div>\n\t\t\t\t<\/div>\n\t\t\t\t<\/div>\n\t\t\t\t\t<\/div>\n\t\t\t\t<\/div>\n\t\t\t\t<\/div>\n\t\t","protected":false},"excerpt":{"rendered":"<p>L&#8217;ostr\u00e9iculturedans le marais d&#8217;Ol\u00e9ron Les hu\u00eetres J\u00e9r\u00e9my Seguin proviennent du bassin des Marennes d&#8217;Ol\u00e9ron (au large de la Charente-Maritime), o\u00f9 est pratiqu\u00e9e une forme unique d&#8217;ostr\u00e9iculture. L&#8217;aire g\u00e9ographique d&#8217;affinage, de culture et de pr\u00e9paration des hu\u00eetres Marennes Ol\u00e9ron s&#8217;\u00e9tend sur 27 communes couvrant 3 000 hectares, d&#8217;une grande richesse biologique.\u00a0Une Indication G\u00e9ographique Prot\u00e9g\u00e9e (IGP) qui [&hellip;]<\/p>\n","protected":false},"author":1,"featured_media":0,"parent":0,"menu_order":20,"comment_status":"closed","ping_status":"closed","template":"","meta":{"_acf_changed":false,"footnotes":""},"class_list":["post-568","page","type-page","status-publish","hentry"],"acf":[],"_links":{"self":[{"href":"https:\/\/jeremyseguin.com\/index.php\/wp-json\/wp\/v2\/pages\/568","targetHints":{"allow":["GET"]}}],"collection":[{"href":"https:\/\/jeremyseguin.com\/index.php\/wp-json\/wp\/v2\/pages"}],"about":[{"href":"https:\/\/jeremyseguin.com\/index.php\/wp-json\/wp\/v2\/types\/page"}],"author":[{"embeddable":true,"href":"https:\/\/jeremyseguin.com\/index.php\/wp-json\/wp\/v2\/users\/1"}],"replies":[{"embeddable":true,"href":"https:\/\/jeremyseguin.com\/index.php\/wp-json\/wp\/v2\/comments?post=568"}],"version-history":[{"count":7,"href":"https:\/\/jeremyseguin.com\/index.php\/wp-json\/wp\/v2\/pages\/568\/revisions"}],"predecessor-version":[{"id":750,"href":"https:\/\/jeremyseguin.com\/index.php\/wp-json\/wp\/v2\/pages\/568\/revisions\/750"}],"wp:attachment":[{"href":"https:\/\/jeremyseguin.com\/index.php\/wp-json\/wp\/v2\/media?parent=568"}],"curies":[{"name":"wp","href":"https:\/\/api.w.org\/{rel}","templated":true}]}}