{"id":577,"date":"2024-10-29T14:22:23","date_gmt":"2024-10-29T13:22:23","guid":{"rendered":"https:\/\/jeremyseguin.com\/?page_id=577"},"modified":"2024-11-19T11:54:26","modified_gmt":"2024-11-19T10:54:26","slug":"la-nostra-storia","status":"publish","type":"page","link":"https:\/\/jeremyseguin.com\/index.php\/it\/la-nostra-storia\/","title":{"rendered":"La nostra storia"},"content":{"rendered":"\t\t<div data-elementor-type=\"wp-page\" data-elementor-id=\"577\" class=\"elementor elementor-577\" data-elementor-post-type=\"page\">\n\t\t\t\t<div class=\"elementor-element elementor-element-924d1aa e-flex e-con-boxed e-con e-parent\" data-id=\"924d1aa\" data-element_type=\"container\">\n\t\t\t\t\t<div class=\"e-con-inner\">\n\t\t<div class=\"elementor-element elementor-element-5e1c8e6 e-con-full e-flex e-con e-child\" data-id=\"5e1c8e6\" data-element_type=\"container\" data-settings=\"{&quot;background_background&quot;:&quot;classic&quot;}\">\n\t\t<div class=\"elementor-element elementor-element-2f7cb91 e-con-full e-flex e-con e-child\" data-id=\"2f7cb91\" data-element_type=\"container\" data-settings=\"{&quot;background_background&quot;:&quot;classic&quot;}\">\n\t\t\t\t<div class=\"elementor-element elementor-element-ebcfad3 elementor-widget elementor-widget-heading\" data-id=\"ebcfad3\" data-element_type=\"widget\" data-widget_type=\"heading.default\">\n\t\t\t\t<div class=\"elementor-widget-container\">\n\t\t\t<h1 class=\"elementor-heading-title elementor-size-default\">La nostra<br \/>storia<\/h1>\t\t<\/div>\n\t\t\t\t<\/div>\n\t\t\t\t<\/div>\n\t\t\t\t<\/div>\n\t\t\t\t\t<\/div>\n\t\t\t\t<\/div>\n\t\t<div class=\"elementor-element elementor-element-1581bbc3 e-flex e-con-boxed e-con e-parent\" data-id=\"1581bbc3\" data-element_type=\"container\" data-settings=\"{&quot;background_background&quot;:&quot;classic&quot;}\">\n\t\t\t\t\t<div class=\"e-con-inner\">\n\t\t<div class=\"elementor-element elementor-element-449ad42e e-con-full e-flex e-con e-child\" data-id=\"449ad42e\" data-element_type=\"container\" data-settings=\"{&quot;background_background&quot;:&quot;classic&quot;}\">\n\t\t<div class=\"elementor-element elementor-element-19856fb4 e-con-full e-flex e-con e-child\" data-id=\"19856fb4\" data-element_type=\"container\">\n\t\t<div class=\"elementor-element elementor-element-55fb8518 e-con-full elementor-hidden-mobile e-flex e-con e-child\" data-id=\"55fb8518\" data-element_type=\"container\" data-settings=\"{&quot;background_background&quot;:&quot;classic&quot;}\">\n\t\t\t\t<\/div>\n\t\t<div class=\"elementor-element elementor-element-6fc64957 e-con-full e-flex e-con e-child\" data-id=\"6fc64957\" data-element_type=\"container\">\n\t\t\t\t<div class=\"elementor-element elementor-element-7ab285a1 elementor-widget elementor-widget-text-editor\" data-id=\"7ab285a1\" data-element_type=\"widget\" data-widget_type=\"text-editor.default\">\n\t\t\t\t<div class=\"elementor-widget-container\">\n\t\t\t\t\t\t\t<p><span style=\"color: var( --e-global-color-text ); font-family: var( --e-global-typography-text-font-family ), Sans-serif; font-weight: var( --e-global-typography-text-font-weight ); text-align: var(--text-align); background-color: var( --e-global-color-015499d ); font-size: 1rem;\">Siamo trasportati sulla costa atlantica e pi\u00f9 precisamente a <\/span><b style=\"color: var( --e-global-color-text ); font-family: var( --e-global-typography-text-font-family ), Sans-serif; text-align: var(--text-align); background-color: var( --e-global-color-015499d ); font-size: 1rem;\">Port des Barques<\/b><span style=\"color: var( --e-global-color-text ); font-family: var( --e-global-typography-text-font-family ), Sans-serif; font-weight: var( --e-global-typography-text-font-weight ); text-align: var(--text-align); background-color: var( --e-global-color-015499d ); font-size: 1rem;\">, nel bacino di <\/span><b style=\"color: var( --e-global-color-text ); font-family: var( --e-global-typography-text-font-family ), Sans-serif; text-align: var(--text-align); background-color: var( --e-global-color-015499d ); font-size: 1rem;\">Marennes-Ol\u00e9ron<\/b><span style=\"color: var( --e-global-color-text ); font-family: var( --e-global-typography-text-font-family ), Sans-serif; font-weight: var( --e-global-typography-text-font-weight ); text-align: var(--text-align); background-color: var( --e-global-color-015499d ); font-size: 1rem;\">, all&#8217;ingresso dell&#8217;estuario della Charente, di fronte all&#8217;isola di <\/span><b style=\"color: var( --e-global-color-text ); font-family: var( --e-global-typography-text-font-family ), Sans-serif; text-align: var(--text-align); background-color: var( --e-global-color-015499d ); font-size: 1rem;\">Aix<\/b><span style=\"color: var( --e-global-color-text ); font-family: var( --e-global-typography-text-font-family ), Sans-serif; font-weight: var( --e-global-typography-text-font-weight ); text-align: var(--text-align); background-color: var( --e-global-color-015499d ); font-size: 1rem;\"> e a <\/span><b style=\"color: var( --e-global-color-text ); font-family: var( --e-global-typography-text-font-family ), Sans-serif; text-align: var(--text-align); background-color: var( --e-global-color-015499d ); font-size: 1rem;\">Fort Boyard<\/b><span style=\"color: var( --e-global-color-text ); font-family: var( --e-global-typography-text-font-family ), Sans-serif; font-weight: var( --e-global-typography-text-font-weight ); text-align: var(--text-align); background-color: var( --e-global-color-015499d ); font-size: 1rem;\">.<\/span><\/p><p>Fu allora, nel 1975, che <b>Claudie Seguin<\/b>, a soli 16 anni, decise di intraprendere l&#8217;avventura della coltivazione e della maturazione delle ostriche. Insieme alla moglie <b>Caroline<\/b>, perfezionano costantemente le loro tecniche per offrire ostriche di alta qualit\u00e0 in un ambiente naturale protetto, caratterizzato da una salinit\u00e0 moderata e dal ricco apporto nutrizionale del fiume Charente.<\/p>\t\t\t\t\t\t<\/div>\n\t\t\t\t<\/div>\n\t\t\t\t<\/div>\n\t\t\t\t<\/div>\n\t\t\t\t<\/div>\n\t\t\t\t\t<\/div>\n\t\t\t\t<\/div>\n\t\t<div class=\"elementor-element elementor-element-1682bd23 elementor-hidden-desktop elementor-hidden-tablet e-flex e-con-boxed e-con e-parent\" data-id=\"1682bd23\" data-element_type=\"container\" data-settings=\"{&quot;background_background&quot;:&quot;slideshow&quot;,&quot;background_slideshow_gallery&quot;:[{&quot;id&quot;:141,&quot;url&quot;:&quot;https:\\\/\\\/jeremyseguin.com\\\/wp-content\\\/uploads\\\/2024\\\/09\\\/nuestra-historia-barco-V.jpg&quot;},{&quot;id&quot;:153,&quot;url&quot;:&quot;https:\\\/\\\/jeremyseguin.com\\\/wp-content\\\/uploads\\\/2024\\\/09\\\/nuestra-historia-jeremy.jpg&quot;},{&quot;id&quot;:146,&quot;url&quot;:&quot;https:\\\/\\\/jeremyseguin.com\\\/wp-content\\\/uploads\\\/2024\\\/09\\\/nuestra-historia-pescant-H.jpg&quot;},{&quot;id&quot;:145,&quot;url&quot;:&quot;https:\\\/\\\/jeremyseguin.com\\\/wp-content\\\/uploads\\\/2024\\\/09\\\/nuestra-historia-mar-H.jpg&quot;}],&quot;background_slideshow_slide_duration&quot;:2000,&quot;background_slideshow_slide_transition&quot;:&quot;slide_left&quot;,&quot;background_slideshow_loop&quot;:&quot;yes&quot;,&quot;background_slideshow_transition_duration&quot;:500}\">\n\t\t\t\t\t<div class=\"e-con-inner\">\n\t\t\t\t\t<\/div>\n\t\t\t\t<\/div>\n\t\t<div class=\"elementor-element elementor-element-197598fe e-flex e-con-boxed e-con e-parent\" data-id=\"197598fe\" data-element_type=\"container\" data-settings=\"{&quot;background_background&quot;:&quot;classic&quot;}\">\n\t\t\t\t\t<div class=\"e-con-inner\">\n\t\t<div class=\"elementor-element elementor-element-2023d28c e-con-full e-flex e-con e-child\" data-id=\"2023d28c\" data-element_type=\"container\" data-settings=\"{&quot;background_background&quot;:&quot;classic&quot;}\">\n\t\t<div class=\"elementor-element elementor-element-5dd04b3a e-con-full e-flex e-con e-child\" data-id=\"5dd04b3a\" data-element_type=\"container\">\n\t\t<div class=\"elementor-element elementor-element-286f6733 e-con-full e-flex e-con e-child\" data-id=\"286f6733\" data-element_type=\"container\">\n\t\t\t\t<div class=\"elementor-element elementor-element-2c9824dc elementor-widget elementor-widget-text-editor\" data-id=\"2c9824dc\" data-element_type=\"widget\" data-widget_type=\"text-editor.default\">\n\t\t\t\t<div class=\"elementor-widget-container\">\n\t\t\t\t\t\t\t<p>Da quasi <b>40 anni<\/b> si impegnano costantemente per trasmettere la loro passione e il loro rispetto per questo prodotto eccezionale. Nel 2012, il figlio <b>J\u00e9r\u00e9my<\/b>, all&#8217;et\u00e0 di 20 anni, \u00e8 entrato a far parte dell&#8217;azienda di famiglia, portando avanti l&#8217;eredit\u00e0 con una combinazione di innovazione e tradizione. Ha vissuto, fin dalla prima infanzia, immerso nell&#8217;attivit\u00e0 di ostricoltura della famiglia.<\/p>\t\t\t\t\t\t<\/div>\n\t\t\t\t<\/div>\n\t\t\t\t<\/div>\n\t\t<div class=\"elementor-element elementor-element-54f33b1e e-con-full elementor-hidden-mobile e-flex e-con e-child\" data-id=\"54f33b1e\" data-element_type=\"container\" data-settings=\"{&quot;background_background&quot;:&quot;classic&quot;}\">\n\t\t\t\t<\/div>\n\t\t\t\t<\/div>\n\t\t\t\t<\/div>\n\t\t\t\t\t<\/div>\n\t\t\t\t<\/div>\n\t\t<div class=\"elementor-element elementor-element-3f832c6 e-flex e-con-boxed e-con e-parent\" data-id=\"3f832c6\" data-element_type=\"container\" data-settings=\"{&quot;background_background&quot;:&quot;classic&quot;}\">\n\t\t\t\t\t<div class=\"e-con-inner\">\n\t\t<div class=\"elementor-element elementor-element-7e44dbbf e-con-full e-flex e-con e-child\" data-id=\"7e44dbbf\" data-element_type=\"container\" data-settings=\"{&quot;background_background&quot;:&quot;classic&quot;}\">\n\t\t<div class=\"elementor-element elementor-element-7c054e9d e-con-full e-flex e-con e-child\" data-id=\"7c054e9d\" data-element_type=\"container\">\n\t\t<div class=\"elementor-element elementor-element-46c7081e e-con-full elementor-hidden-mobile e-flex e-con e-child\" data-id=\"46c7081e\" data-element_type=\"container\" data-settings=\"{&quot;background_background&quot;:&quot;classic&quot;}\">\n\t\t\t\t<\/div>\n\t\t<div class=\"elementor-element elementor-element-1dc64681 e-con-full e-flex e-con e-child\" data-id=\"1dc64681\" data-element_type=\"container\">\n\t\t\t\t<div class=\"elementor-element elementor-element-1e599ca6 elementor-widget elementor-widget-text-editor\" data-id=\"1e599ca6\" data-element_type=\"widget\" data-widget_type=\"text-editor.default\">\n\t\t\t\t<div class=\"elementor-widget-container\">\n\t\t\t\t\t\t\t<p>Oggi, insieme a un team impegnato, produce ostriche di <b>alta qualit\u00e0<\/b>, apprezzate dalle migliori pescherie e da rinomati ristoranti francesi.<\/p>\t\t\t\t\t\t<\/div>\n\t\t\t\t<\/div>\n\t\t\t\t<\/div>\n\t\t\t\t<\/div>\n\t\t\t\t<\/div>\n\t\t\t\t\t<\/div>\n\t\t\t\t<\/div>\n\t\t<div class=\"elementor-element elementor-element-6d8b2bbd e-flex e-con-boxed e-con e-parent\" data-id=\"6d8b2bbd\" data-element_type=\"container\" data-settings=\"{&quot;background_background&quot;:&quot;classic&quot;}\">\n\t\t\t\t\t<div class=\"e-con-inner\">\n\t\t<div class=\"elementor-element elementor-element-d94c938 e-con-full e-flex e-con e-child\" data-id=\"d94c938\" data-element_type=\"container\" data-settings=\"{&quot;background_background&quot;:&quot;classic&quot;}\">\n\t\t<div class=\"elementor-element elementor-element-6c877f29 e-con-full e-flex e-con e-child\" data-id=\"6c877f29\" data-element_type=\"container\">\n\t\t<div class=\"elementor-element elementor-element-63fff758 e-con-full e-flex e-con e-child\" data-id=\"63fff758\" data-element_type=\"container\">\n\t\t\t\t<div class=\"elementor-element elementor-element-6a2ed915 elementor-widget elementor-widget-text-editor\" data-id=\"6a2ed915\" data-element_type=\"widget\" data-widget_type=\"text-editor.default\">\n\t\t\t\t<div class=\"elementor-widget-container\">\n\t\t\t\t\t\t\t<p>Ogni generazione ha il proprio sogno e intraprende le proprie avventure. Quello di <b>J\u00e9r\u00e9my Seguin<\/b> \u00e8 di portare l&#8217;eredit\u00e0 della sua famiglia in tutto il mondo, esportando le ostriche Seguin in molti paesi.<\/p>\t\t\t\t\t\t<\/div>\n\t\t\t\t<\/div>\n\t\t\t\t<\/div>\n\t\t<div class=\"elementor-element elementor-element-3dc7edc5 e-con-full elementor-hidden-mobile e-flex e-con e-child\" data-id=\"3dc7edc5\" data-element_type=\"container\" data-settings=\"{&quot;background_background&quot;:&quot;classic&quot;}\">\n\t\t\t\t<\/div>\n\t\t\t\t<\/div>\n\t\t\t\t<\/div>\n\t\t\t\t\t<\/div>\n\t\t\t\t<\/div>\n\t\t<div class=\"elementor-element elementor-element-5f679bdb e-flex e-con-boxed e-con e-parent\" data-id=\"5f679bdb\" data-element_type=\"container\">\n\t\t\t\t\t<div class=\"e-con-inner\">\n\t\t<div class=\"elementor-element elementor-element-21506e88 e-con-full e-flex e-con e-child\" data-id=\"21506e88\" data-element_type=\"container\" data-settings=\"{&quot;background_background&quot;:&quot;classic&quot;}\">\n\t\t<div class=\"elementor-element elementor-element-7bee8b46 e-con-full e-flex e-con e-child\" data-id=\"7bee8b46\" data-element_type=\"container\">\n\t\t\t\t<div class=\"elementor-element elementor-element-235488d9 elementor-widget elementor-widget-heading\" data-id=\"235488d9\" data-element_type=\"widget\" data-widget_type=\"heading.default\">\n\t\t\t\t<div class=\"elementor-widget-container\">\n\t\t\t<h2 class=\"elementor-heading-title elementor-size-default\">Volete le migliori ostriche?<\/h2>\t\t<\/div>\n\t\t\t\t<\/div>\n\t\t\t\t<div class=\"elementor-element elementor-element-7014ca04 elementor-align-center elementor-widget elementor-widget-button\" data-id=\"7014ca04\" data-element_type=\"widget\" data-widget_type=\"button.default\">\n\t\t\t\t<div class=\"elementor-widget-container\">\n\t\t\t\t\t\t\t<div class=\"elementor-button-wrapper\">\n\t\t\t\t\t<a class=\"elementor-button elementor-button-link elementor-size-sm\" href=\"https:\/\/jeremyseguin.com\/index.php\/it\/contatti\/\">\n\t\t\t\t\t\t<span class=\"elementor-button-content-wrapper\">\n\t\t\t\t\t\t\t\t\t<span class=\"elementor-button-text\">Contattateci<\/span>\n\t\t\t\t\t<\/span>\n\t\t\t\t\t<\/a>\n\t\t\t\t<\/div>\n\t\t\t\t\t\t<\/div>\n\t\t\t\t<\/div>\n\t\t\t\t<\/div>\n\t\t\t\t<\/div>\n\t\t\t\t\t<\/div>\n\t\t\t\t<\/div>\n\t\t\t\t<\/div>\n\t\t","protected":false},"excerpt":{"rendered":"<p>La nostrastoria Siamo trasportati sulla costa atlantica e pi\u00f9 precisamente a Port des Barques, nel bacino di Marennes-Ol\u00e9ron, all&#8217;ingresso dell&#8217;estuario della Charente, di fronte all&#8217;isola di Aix e a Fort Boyard. Fu allora, nel 1975, che Claudie Seguin, a soli 16 anni, decise di intraprendere l&#8217;avventura della coltivazione e della maturazione delle ostriche. Insieme alla [&hellip;]<\/p>\n","protected":false},"author":1,"featured_media":0,"parent":0,"menu_order":10,"comment_status":"closed","ping_status":"closed","template":"","meta":{"_acf_changed":false,"footnotes":""},"class_list":["post-577","page","type-page","status-publish","hentry"],"acf":[],"_links":{"self":[{"href":"https:\/\/jeremyseguin.com\/index.php\/wp-json\/wp\/v2\/pages\/577","targetHints":{"allow":["GET"]}}],"collection":[{"href":"https:\/\/jeremyseguin.com\/index.php\/wp-json\/wp\/v2\/pages"}],"about":[{"href":"https:\/\/jeremyseguin.com\/index.php\/wp-json\/wp\/v2\/types\/page"}],"author":[{"embeddable":true,"href":"https:\/\/jeremyseguin.com\/index.php\/wp-json\/wp\/v2\/users\/1"}],"replies":[{"embeddable":true,"href":"https:\/\/jeremyseguin.com\/index.php\/wp-json\/wp\/v2\/comments?post=577"}],"version-history":[{"count":7,"href":"https:\/\/jeremyseguin.com\/index.php\/wp-json\/wp\/v2\/pages\/577\/revisions"}],"predecessor-version":[{"id":735,"href":"https:\/\/jeremyseguin.com\/index.php\/wp-json\/wp\/v2\/pages\/577\/revisions\/735"}],"wp:attachment":[{"href":"https:\/\/jeremyseguin.com\/index.php\/wp-json\/wp\/v2\/media?parent=577"}],"curies":[{"name":"wp","href":"https:\/\/api.w.org\/{rel}","templated":true}]}}